{"id":295,"date":"2022-10-12T10:16:38","date_gmt":"2022-10-12T10:16:38","guid":{"rendered":"https:\/\/fbart.pl\/?page_id=295"},"modified":"2022-10-12T13:56:29","modified_gmt":"2022-10-12T13:56:29","slug":"regulamin","status":"publish","type":"page","link":"https:\/\/fbart.pl\/?page_id=295","title":{"rendered":"Regulamin"},"content":{"rendered":"<p>[et_pb_section fb_built=&#8221;1&#8243; _builder_version=&#8221;4.14.8&#8243; _module_preset=&#8221;default&#8221; custom_padding=&#8221;0px|||||&#8221; global_colors_info=&#8221;{}&#8221;][et_pb_row _builder_version=&#8221;4.14.8&#8243; _module_preset=&#8221;default&#8221; custom_padding=&#8221;70px|||||&#8221; global_colors_info=&#8221;{}&#8221;][et_pb_column type=&#8221;4_4&#8243; _builder_version=&#8221;4.14.8&#8243; _module_preset=&#8221;default&#8221; global_colors_info=&#8221;{}&#8221;][et_pb_text _builder_version=&#8221;4.14.8&#8243; _module_preset=&#8221;default&#8221; custom_padding=&#8221;|110px||109px||&#8221; hover_enabled=&#8221;0&#8243; global_colors_info=&#8221;{}&#8221; content_last_edited=&#8221;on|desktop&#8221; sticky_enabled=&#8221;0&#8243; custom_padding_last_edited=&#8221;on|phone&#8221; custom_padding_phone=&#8221;|0px||0px|false|false&#8221; content_tablet=&#8221;<\/p>\n<h2 class=%22p1%22 style=%22text-align: center;%22>REGULAMIN \u015aWIADCZENIA US\u0141UG<\/h2>\n<h3 class=%22p1%22 style=%22text-align: center;%22>PRZEZ FB Art Dr n. med. Ewa K\u0142\u0119bokowska Gabinet fizjoterapii estetycznej<\/h3>\n<p><b><\/b><\/p>\n<p class=%22p1%22 style=%22text-align: center;%22><strong>\u00a71<\/strong><\/p>\n<p class=%22p2%22 style=%22text-align: center;%22>\u015awiadczenia udzielane s\u0105 w\u00a0dni powszednie, w\u00a0godzinach ustalonych indywidualnie z\u00a0pacjentem\/klientem (zwany poni\u017cej Klientem). Wszelkie informacje dotycz\u0105ce us\u0142ug, wizyt oraz cen s\u0105 umieszczone na stronie internetowej fbart.pl.<\/p>\n<p class=%22p1%22 style=%22text-align: center;%22><strong>\u00a72<\/strong><\/p>\n<p class=%22p2%22 style=%22text-align: center;%22>FB Art Dr n. med. Ewa K\u0142\u0119bokowska (zwany poni\u017cej<span class=%22Apple-converted-space%22>\u00a0 <\/span>FB Art) udziela \u015bwiadcze\u0144 odp\u0142atnie, wed\u0142ug aktualnego cennika. Cennik oraz opis wykonywanych zabieg\u00f3w jest dost\u0119pny na stronie internetowej.<\/p>\n<p class=%22p1%22 style=%22text-align: center;%22><strong>\u00a73<\/strong><\/p>\n<p class=%22p2%22 style=%22text-align: center;%22>Klient podczas pierwszej wizyty, jest zobowi\u0105zany do wype\u0142nienia formularza Karta Klienta poprzez udzielenie prawdziwych informacji dotycz\u0105cych stanu zdrowia i\u00a0mo\u017cliwych przeciwwskaza\u0144 oraz\u00a0do ka\u017cdorazowej aktualizacji tych danych w\u00a0przypadku kolejnych wizyt. Skorzystanie z zabiegu jest r\u00f3wnoznaczne ze z\u0142o\u017ceniem o\u015bwiadczenia o braku przeciwwskaza\u0144 zdrowotnych do korzystania z us\u0142ug oferowanych przez FB Art.<\/p>\n<p class=%22p2%22 style=%22text-align: center;%22>Klient jest zobowi\u0105zany do niezw\u0142ocznego poinformowania osoby wykonuj\u0105cej zabieg o\u00a0ewentualnym dyskomforcie lub z\u0142ym samopoczuciu w\u00a0czasie wykonywanego zabiegu.<\/p>\n<p class=%22p1%22 style=%22text-align: center;%22><strong>\u00a74<\/strong><\/p>\n<p class=%22p2%22 style=%22text-align: center;%22>\u015awiadcze\u0144 udzielaj\u0105 wy\u0142\u0105cznie pracownicy medyczni posiadaj\u0105cy odpowiednie kwalifikacje do wykonywania \u015bwiadcze\u0144, potwierdzone dyplomami, certyfikatami i\u00a0spe\u0142niaj\u0105cy odpowiednie wymagania zdrowotne.<\/p>\n<p class=%22p1%22 style=%22text-align: center;%22><strong>\u00a75<\/strong><\/p>\n<p class=%22p2%22 style=%22text-align: center;%22>Klient jest uprawniony i\u00a0zobowi\u0105zany do rezerwacji terminu \u015bwiadczenia us\u0142ugi.<br \/>Rezerwacji mo\u017cna dokona\u0107 telefonicznie pod numerem 502\u00a0734 976.<\/p>\n<p class=%22p2%22 style=%22text-align: center;%22>W trosce o wysok\u0105 jako\u015b\u0107 us\u0142ug Klient jest zobowi\u0105zany do przybycia na zarezerwowany zabieg 5 minut przed um\u00f3wion\u0105 godzin\u0105 w celu przygotowania si\u0119 do masa\u017cu. Um\u00f3wiona godzina zabiegu jest godzin\u0105 jego rozpocz\u0119cia.<\/p>\n<p class=%22p2%22 style=%22text-align: center;%22>Klient jest zobowi\u0105zany odwo\u0142a\u0107 lub zmieni\u0107 termin \u015bwiadczenia us\u0142ugi najp\u00f3\u017aniej 12h przed terminem dokonanej rezerwacji.<\/p>\n<p class=%22p2%22 style=%22text-align: center;%22>W przypadku sp\u00f3\u017anienia si\u0119 Klienta na um\u00f3wiony zabieg, FB Art zastrzega sobie prawo do skr\u00f3cenia czasu \u015bwiadczenia us\u0142ugi. W\u00a0takim przypadku klient jest zobowi\u0105zany uregulowa\u0107 p\u0142atno\u015b\u0107 za zam\u00f3wion\u0105 us\u0142ug\u0119 w pe\u0142nej wysoko\u015bci.<\/p>\n<p class=%22p1%22 style=%22text-align: center;%22><strong>\u00a76<\/strong><\/p>\n<p class=%22p2%22 style=%22text-align: center;%22>W przypadku, gdy Klient nie pojawi si\u0119 na um\u00f3wionej wizycie i\u00a0nie zastosuje si\u0119 do ustale\u0144 wskazanych w\u00a0\u00a75 regulaminu, albo te\u017c dokona odwo\u0142ania wizyty w\u00a0terminie kr\u00f3tszym ni\u017c wskazany w\u00a0\u00a75, mo\u017ce on zosta\u0107 obci\u0105\u017cony po\u0142ow\u0105 koszt\u00f3w zwi\u0105zanych z\u00a0wizyt\u0105, tytu\u0142em op\u0142aty za gotowo\u015b\u0107 do \u015bwiadczenia us\u0142ugi.<\/p>\n<p class=%22p1%22 style=%22text-align: center;%22><strong>\u00a77<\/strong><\/p>\n<p class=%22p2%22 style=%22text-align: center;%22>FB Art zastrzega sobie mo\u017cliwo\u015b\u0107 zmiany terminu \u015bwiadczonej us\u0142ugi. O\u00a0zmianie terminu Klient jest informowany bezzw\u0142ocznie.<\/p>\n<p class=%22p1%22 style=%22text-align: center;%22><strong>\u00a78<\/strong><\/p>\n<p class=%22p3%22 style=%22text-align: center;%22>P\u0142atno\u015bci za zabieg mo\u017cna dokona\u0107 got\u00f3wk\u0105 lub przelewem na telefon\/numer konta (podawany indywidualnie dla Klienta).<\/p>\n<p class=%22p1%22 style=%22text-align: center;%22><strong>\u00a79<\/strong><\/p>\n<p class=%22p2%22 style=%22text-align: center;%22>Kobiety nie powinny poddawa\u0107 si\u0119 zabiegom masa\u017cu w pierwszym trymestrze, a tak\u017ce w ostatnim miesi\u0105cu ci\u0105\u017cy. Zamiar skorzystania z masa\u017cu przysz\u0142a mama musi bezwzgl\u0119dnie skonsultowa\u0107 z lekarzem prowadz\u0105cym jej ci\u0105\u017c\u0119.<\/p>\n<p class=%22p1%22 style=%22text-align: center;%22><strong>\u00a710<\/strong><\/p>\n<p class=%22p2%22 style=%22text-align: center;%22>Na podstawie umieszczonej op\u0142aty gabinet prowadzi sprzeda\u017c<span class=%22Apple-converted-space%22>\u00a0 <\/span>bon\u00f3w podarunkowych, kwotowych lub na wybran\u0105 us\u0142ug\u0119, kt\u00f3rej nazwa jest wpisana na bonie podarunkowym zgodnie z aktualnie obowi\u0105zuj\u0105c\u0105 ofert\u0105 FB Art. Bon podarunkowy uznana zostaje jako zrealizowany w razie braku anulowania rezerwacji na minimum jeden dzie\u0144 przed um\u00f3wion\u0105 wizyt\u0105.<\/p>\n<p class=%22p1%22 style=%22text-align: center;%22><strong>\u00a711<\/strong><\/p>\n<p class=%22p3%22 style=%22text-align: center;%22>Prosimy o wyciszenie telefon\u00f3w kom\u00f3rkowych przed wej\u015bciem na zabieg.<\/p>\n<p class=%22p1%22 style=%22text-align: center;%22><strong>\u00a712<\/strong><\/p>\n<p class=%22p2%22 style=%22text-align: center;%22>Zastrzegamy sobie prawo do przerwania wykonania zabiegu, je\u015bli terapeutka spotka si\u0119<span class=%22Apple-converted-space%22>\u00a0 <\/span>z zachowaniem Klienta nieadekwatnym do miejsca, w kt\u00f3rym si\u0119 znajduje. W takim przypadku Klient zobowi\u0105zany jest do uregulowania rachunku za zam\u00f3wion\u0105 us\u0142ug\u0119.<\/p>\n<p class=%22p1%22 style=%22text-align: center;%22><strong>\u00a713<\/strong><\/p>\n<p class=%22p2%22 style=%22text-align: center;%22>FB Art prowadzi dokumentacj\u0119 wykonywanych \u015bwiadcze\u0144 oraz zapewnia ochron\u0119 danych osobowych\u00a0 zawartych w tej dokumentacji zgodnie z Rozporz\u0105dzeniem Parlamentu Europejskiego i Rady (UE) 2016\/679 z dnia 27 kwietnia 2016 r. w sprawie ochrony os\u00f3b fizycznych w zwi\u0105zku z przetwarzaniem danych osobowych i w sprawie swobodnego przep\u0142ywu takich danych oraz uchylenia dyrektywy 95\/46\/WE<b> <\/b>\u00a0(RODO).<\/p>\n<p>&#8221; content_phone=&#8221;<\/p>\n<h2 class=%22p1%22 style=%22text-align: center;%22>REGULAMIN \u015aWIADCZENIA US\u0141UG<\/h2>\n<h3 class=%22p1%22 style=%22text-align: center;%22>PRZEZ FB Art Dr n. med. Ewa K\u0142\u0119bokowska Gabinet fizjoterapii estetycznej<\/h3>\n<p><b><\/b><\/p>\n<p class=%22p1%22 style=%22text-align: center;%22><strong>\u00a71<\/strong><\/p>\n<p class=%22p2%22 style=%22text-align: center;%22>\u015awiadczenia udzielane s\u0105 w\u00a0dni powszednie, w\u00a0godzinach ustalonych indywidualnie z\u00a0pacjentem\/klientem (zwany poni\u017cej Klientem). Wszelkie informacje dotycz\u0105ce us\u0142ug, wizyt oraz cen s\u0105 umieszczone na stronie internetowej fbart.pl.<\/p>\n<p class=%22p1%22 style=%22text-align: center;%22><strong>\u00a72<\/strong><\/p>\n<p class=%22p2%22 style=%22text-align: center;%22>FB Art Dr n. med. Ewa K\u0142\u0119bokowska (zwany poni\u017cej<span class=%22Apple-converted-space%22>\u00a0 <\/span>FB Art) udziela \u015bwiadcze\u0144 odp\u0142atnie, wed\u0142ug aktualnego cennika. Cennik oraz opis wykonywanych zabieg\u00f3w jest dost\u0119pny na stronie internetowej.<\/p>\n<p class=%22p1%22 style=%22text-align: center;%22><strong>\u00a73<\/strong><\/p>\n<p class=%22p2%22 style=%22text-align: center;%22>Klient podczas pierwszej wizyty, jest zobowi\u0105zany do wype\u0142nienia formularza Karta Klienta poprzez udzielenie prawdziwych informacji dotycz\u0105cych stanu zdrowia i\u00a0mo\u017cliwych przeciwwskaza\u0144 oraz\u00a0do ka\u017cdorazowej aktualizacji tych danych w\u00a0przypadku kolejnych wizyt. Skorzystanie z zabiegu jest r\u00f3wnoznaczne ze z\u0142o\u017ceniem o\u015bwiadczenia o braku przeciwwskaza\u0144 zdrowotnych do korzystania z us\u0142ug oferowanych przez FB Art.<\/p>\n<p class=%22p2%22 style=%22text-align: center;%22>Klient jest zobowi\u0105zany do niezw\u0142ocznego poinformowania osoby wykonuj\u0105cej zabieg o\u00a0ewentualnym dyskomforcie lub z\u0142ym samopoczuciu w\u00a0czasie wykonywanego zabiegu.<\/p>\n<p class=%22p1%22 style=%22text-align: center;%22><strong>\u00a74<\/strong><\/p>\n<p class=%22p2%22 style=%22text-align: center;%22>\u015awiadcze\u0144 udzielaj\u0105 wy\u0142\u0105cznie pracownicy medyczni posiadaj\u0105cy odpowiednie kwalifikacje do wykonywania \u015bwiadcze\u0144, potwierdzone dyplomami, certyfikatami i\u00a0spe\u0142niaj\u0105cy odpowiednie wymagania zdrowotne.<\/p>\n<p class=%22p1%22 style=%22text-align: center;%22><strong>\u00a75<\/strong><\/p>\n<p class=%22p2%22 style=%22text-align: center;%22>Klient jest uprawniony i\u00a0zobowi\u0105zany do rezerwacji terminu \u015bwiadczenia us\u0142ugi.<br \/>Rezerwacji mo\u017cna dokona\u0107 telefonicznie pod numerem 502\u00a0734 976.<\/p>\n<p class=%22p2%22 style=%22text-align: center;%22>W trosce o wysok\u0105 jako\u015b\u0107 us\u0142ug Klient jest zobowi\u0105zany do przybycia na zarezerwowany zabieg 5 minut przed um\u00f3wion\u0105 godzin\u0105 w celu przygotowania si\u0119 do masa\u017cu. Um\u00f3wiona godzina zabiegu jest godzin\u0105 jego rozpocz\u0119cia.<\/p>\n<p class=%22p2%22 style=%22text-align: center;%22>Klient jest zobowi\u0105zany odwo\u0142a\u0107 lub zmieni\u0107 termin \u015bwiadczenia us\u0142ugi najp\u00f3\u017aniej 12h przed terminem dokonanej rezerwacji.<\/p>\n<p class=%22p2%22 style=%22text-align: center;%22>W przypadku sp\u00f3\u017anienia si\u0119 Klienta na um\u00f3wiony zabieg, FB Art zastrzega sobie prawo do skr\u00f3cenia czasu \u015bwiadczenia us\u0142ugi. W\u00a0takim przypadku klient jest zobowi\u0105zany uregulowa\u0107 p\u0142atno\u015b\u0107 za zam\u00f3wion\u0105 us\u0142ug\u0119 w pe\u0142nej wysoko\u015bci.<\/p>\n<p class=%22p1%22 style=%22text-align: center;%22><strong>\u00a76<\/strong><\/p>\n<p class=%22p2%22 style=%22text-align: center;%22>W przypadku, gdy Klient nie pojawi si\u0119 na um\u00f3wionej wizycie i\u00a0nie zastosuje si\u0119 do ustale\u0144 wskazanych w\u00a0\u00a75 regulaminu, albo te\u017c dokona odwo\u0142ania wizyty w\u00a0terminie kr\u00f3tszym ni\u017c wskazany w\u00a0\u00a75, mo\u017ce on zosta\u0107 obci\u0105\u017cony po\u0142ow\u0105 koszt\u00f3w zwi\u0105zanych z\u00a0wizyt\u0105, tytu\u0142em op\u0142aty za gotowo\u015b\u0107 do \u015bwiadczenia us\u0142ugi.<\/p>\n<p class=%22p1%22 style=%22text-align: center;%22><strong>\u00a77<\/strong><\/p>\n<p class=%22p2%22 style=%22text-align: center;%22>FB Art zastrzega sobie mo\u017cliwo\u015b\u0107 zmiany terminu \u015bwiadczonej us\u0142ugi. O\u00a0zmianie terminu Klient jest informowany bezzw\u0142ocznie.<\/p>\n<p class=%22p1%22 style=%22text-align: center;%22><strong>\u00a78<\/strong><\/p>\n<p class=%22p3%22 style=%22text-align: center;%22>P\u0142atno\u015bci za zabieg mo\u017cna dokona\u0107 got\u00f3wk\u0105 lub przelewem na telefon\/numer konta (podawany indywidualnie dla Klienta).<\/p>\n<p class=%22p1%22 style=%22text-align: center;%22><strong>\u00a79<\/strong><\/p>\n<p class=%22p2%22 style=%22text-align: center;%22>Kobiety nie powinny poddawa\u0107 si\u0119 zabiegom masa\u017cu w pierwszym trymestrze, a tak\u017ce w ostatnim miesi\u0105cu ci\u0105\u017cy. Zamiar skorzystania z masa\u017cu przysz\u0142a mama musi bezwzgl\u0119dnie skonsultowa\u0107 z lekarzem prowadz\u0105cym jej ci\u0105\u017c\u0119.<\/p>\n<p class=%22p1%22 style=%22text-align: center;%22><strong>\u00a710<\/strong><\/p>\n<p class=%22p2%22 style=%22text-align: center;%22>Na podstawie umieszczonej op\u0142aty gabinet prowadzi sprzeda\u017c<span class=%22Apple-converted-space%22>\u00a0 <\/span>bon\u00f3w podarunkowych, kwotowych lub na wybran\u0105 us\u0142ug\u0119, kt\u00f3rej nazwa jest wpisana na bonie podarunkowym zgodnie z aktualnie obowi\u0105zuj\u0105c\u0105 ofert\u0105 FB Art. Bon podarunkowy uznana zostaje jako zrealizowany w razie braku anulowania rezerwacji na minimum jeden dzie\u0144 przed um\u00f3wion\u0105 wizyt\u0105.<\/p>\n<p class=%22p1%22 style=%22text-align: center;%22><strong>\u00a711<\/strong><\/p>\n<p class=%22p3%22 style=%22text-align: center;%22>Prosimy o wyciszenie telefon\u00f3w kom\u00f3rkowych przed wej\u015bciem na zabieg.<\/p>\n<p class=%22p1%22 style=%22text-align: center;%22><strong>\u00a712<\/strong><\/p>\n<p class=%22p2%22 style=%22text-align: center;%22>Zastrzegamy sobie prawo do przerwania wykonania zabiegu, je\u015bli terapeutka spotka si\u0119<span class=%22Apple-converted-space%22>\u00a0 <\/span>z zachowaniem Klienta nieadekwatnym do miejsca, w kt\u00f3rym si\u0119 znajduje. W takim przypadku Klient zobowi\u0105zany jest do uregulowania rachunku za zam\u00f3wion\u0105 us\u0142ug\u0119.<\/p>\n<p class=%22p1%22 style=%22text-align: center;%22><strong>\u00a713<\/strong><\/p>\n<p class=%22p2%22 style=%22text-align: center;%22>FB Art prowadzi dokumentacj\u0119 wykonywanych \u015bwiadcze\u0144 oraz zapewnia ochron\u0119 danych osobowych\u00a0 zawartych w tej dokumentacji zgodnie z Rozporz\u0105dzeniem Parlamentu Europejskiego i Rady (UE) 2016\/679 z dnia 27 kwietnia 2016 r. w sprawie ochrony os\u00f3b fizycznych w zwi\u0105zku z przetwarzaniem danych osobowych i w sprawie swobodnego przep\u0142ywu takich danych oraz uchylenia dyrektywy 95\/46\/WE<b> <\/b>\u00a0(RODO).<\/p>\n<p>&#8221; custom_padding_tablet=&#8221;|110px||109px||&#8221;]<\/p>\n<h2 class=\"p1\" style=\"text-align: center;\">REGULAMIN \u015aWIADCZENIA US\u0141UG<\/h2>\n<h3 class=\"p1\" style=\"text-align: center;\">PRZEZ FB Art Dr n. med. Ewa K\u0142\u0119bokowska Gabinet fizjoterapii estetycznej<\/h3>\n<p><b><\/b><\/p>\n<p class=\"p1\" style=\"text-align: center;\"><strong>\u00a71<\/strong><\/p>\n<p class=\"p2\" style=\"text-align: center;\">\u015awiadczenia udzielane s\u0105 w\u00a0dni powszednie, w\u00a0godzinach ustalonych indywidualnie z\u00a0pacjentem\/klientem (zwany poni\u017cej Klientem). Wszelkie informacje dotycz\u0105ce us\u0142ug, wizyt oraz cen s\u0105 umieszczone na stronie internetowej fbart.pl.<\/p>\n<p class=\"p1\" style=\"text-align: center;\"><strong>\u00a72<\/strong><\/p>\n<p class=\"p2\" style=\"text-align: center;\">FB Art Dr n. med. Ewa K\u0142\u0119bokowska (zwany poni\u017cej<span class=\"Apple-converted-space\">\u00a0 <\/span>FB Art) udziela \u015bwiadcze\u0144 odp\u0142atnie, wed\u0142ug aktualnego cennika. Cennik oraz opis wykonywanych zabieg\u00f3w jest dost\u0119pny na stronie internetowej.<\/p>\n<p class=\"p1\" style=\"text-align: center;\"><strong>\u00a73<\/strong><\/p>\n<p class=\"p2\" style=\"text-align: center;\">Klient podczas pierwszej wizyty, jest zobowi\u0105zany do wype\u0142nienia formularza Karta Klienta poprzez udzielenie prawdziwych informacji dotycz\u0105cych stanu zdrowia i\u00a0mo\u017cliwych przeciwwskaza\u0144 oraz\u00a0do ka\u017cdorazowej aktualizacji tych danych w\u00a0przypadku kolejnych wizyt. Skorzystanie z zabiegu jest r\u00f3wnoznaczne ze z\u0142o\u017ceniem o\u015bwiadczenia o braku przeciwwskaza\u0144 zdrowotnych do korzystania z us\u0142ug oferowanych przez FB Art.<\/p>\n<p class=\"p2\" style=\"text-align: center;\">Klient jest zobowi\u0105zany do niezw\u0142ocznego poinformowania osoby wykonuj\u0105cej zabieg o\u00a0ewentualnym dyskomforcie lub z\u0142ym samopoczuciu w\u00a0czasie wykonywanego zabiegu.<\/p>\n<p class=\"p1\" style=\"text-align: center;\"><strong>\u00a74<\/strong><\/p>\n<p class=\"p2\" style=\"text-align: center;\">\u015awiadcze\u0144 udzielaj\u0105 wy\u0142\u0105cznie pracownicy medyczni posiadaj\u0105cy odpowiednie kwalifikacje do wykonywania \u015bwiadcze\u0144, potwierdzone dyplomami, certyfikatami i\u00a0spe\u0142niaj\u0105cy odpowiednie wymagania zdrowotne.<\/p>\n<p class=\"p1\" style=\"text-align: center;\"><strong>\u00a75<\/strong><\/p>\n<p class=\"p2\" style=\"text-align: center;\">Klient jest uprawniony i\u00a0zobowi\u0105zany do rezerwacji terminu \u015bwiadczenia us\u0142ugi.<br \/>Rezerwacji mo\u017cna dokona\u0107 telefonicznie pod numerem 502\u00a0734 976.<\/p>\n<p class=\"p2\" style=\"text-align: center;\">W trosce o wysok\u0105 jako\u015b\u0107 us\u0142ug Klient jest zobowi\u0105zany do przybycia na zarezerwowany zabieg 5 minut przed um\u00f3wion\u0105 godzin\u0105 w celu przygotowania si\u0119 do masa\u017cu. Um\u00f3wiona godzina zabiegu jest godzin\u0105 jego rozpocz\u0119cia.<\/p>\n<p class=\"p2\" style=\"text-align: center;\">Klient jest zobowi\u0105zany odwo\u0142a\u0107 lub zmieni\u0107 termin \u015bwiadczenia us\u0142ugi najp\u00f3\u017aniej 12h przed terminem dokonanej rezerwacji.<\/p>\n<p class=\"p2\" style=\"text-align: center;\">W przypadku sp\u00f3\u017anienia si\u0119 Klienta na um\u00f3wiony zabieg, FB Art zastrzega sobie prawo do skr\u00f3cenia czasu \u015bwiadczenia us\u0142ugi. W\u00a0takim przypadku klient jest zobowi\u0105zany uregulowa\u0107 p\u0142atno\u015b\u0107 za zam\u00f3wion\u0105 us\u0142ug\u0119 w pe\u0142nej wysoko\u015bci.<\/p>\n<p class=\"p1\" style=\"text-align: center;\"><strong>\u00a76<\/strong><\/p>\n<p class=\"p2\" style=\"text-align: center;\">W przypadku, gdy Klient nie pojawi si\u0119 na um\u00f3wionej wizycie i\u00a0nie zastosuje si\u0119 do ustale\u0144 wskazanych w\u00a0\u00a75 regulaminu, albo te\u017c dokona odwo\u0142ania wizyty w\u00a0terminie kr\u00f3tszym ni\u017c wskazany w\u00a0\u00a75, mo\u017ce on zosta\u0107 obci\u0105\u017cony po\u0142ow\u0105 koszt\u00f3w zwi\u0105zanych z\u00a0wizyt\u0105, tytu\u0142em op\u0142aty za gotowo\u015b\u0107 do \u015bwiadczenia us\u0142ugi.<\/p>\n<p class=\"p1\" style=\"text-align: center;\"><strong>\u00a77<\/strong><\/p>\n<p class=\"p2\" style=\"text-align: center;\">FB Art zastrzega sobie mo\u017cliwo\u015b\u0107 zmiany terminu \u015bwiadczonej us\u0142ugi. O\u00a0zmianie terminu Klient jest informowany bezzw\u0142ocznie.<\/p>\n<p class=\"p1\" style=\"text-align: center;\"><strong>\u00a78<\/strong><\/p>\n<p class=\"p3\" style=\"text-align: center;\">P\u0142atno\u015bci za zabieg mo\u017cna dokona\u0107 got\u00f3wk\u0105 lub przelewem na telefon\/numer konta (podawany indywidualnie dla Klienta).<\/p>\n<p class=\"p1\" style=\"text-align: center;\"><strong>\u00a79<\/strong><\/p>\n<p class=\"p2\" style=\"text-align: center;\">Kobiety nie powinny poddawa\u0107 si\u0119 zabiegom masa\u017cu w pierwszym trymestrze, a tak\u017ce w ostatnim miesi\u0105cu ci\u0105\u017cy. Zamiar skorzystania z masa\u017cu przysz\u0142a mama musi bezwzgl\u0119dnie skonsultowa\u0107 z lekarzem prowadz\u0105cym jej ci\u0105\u017c\u0119.<\/p>\n<p class=\"p1\" style=\"text-align: center;\"><strong>\u00a710<\/strong><\/p>\n<p class=\"p2\" style=\"text-align: center;\">Na podstawie umieszczonej op\u0142aty gabinet prowadzi sprzeda\u017c<span class=\"Apple-converted-space\">\u00a0 <\/span>bon\u00f3w podarunkowych, kwotowych lub na wybran\u0105 us\u0142ug\u0119, kt\u00f3rej nazwa jest wpisana na bonie podarunkowym zgodnie z aktualnie obowi\u0105zuj\u0105c\u0105 ofert\u0105 FB Art. Bon podarunkowy uznana zostaje jako zrealizowany w razie braku anulowania rezerwacji na minimum jeden dzie\u0144 przed um\u00f3wion\u0105 wizyt\u0105.<\/p>\n<p class=\"p1\" style=\"text-align: center;\"><strong>\u00a711<\/strong><\/p>\n<p class=\"p3\" style=\"text-align: center;\">Prosimy o wyciszenie telefon\u00f3w kom\u00f3rkowych przed wej\u015bciem na zabieg.<\/p>\n<p class=\"p1\" style=\"text-align: center;\"><strong>\u00a712<\/strong><\/p>\n<p class=\"p2\" style=\"text-align: center;\">Zastrzegamy sobie prawo do przerwania wykonania zabiegu, je\u015bli terapeutka spotka si\u0119<span class=\"Apple-converted-space\">\u00a0 <\/span>z zachowaniem Klienta nieadekwatnym do miejsca, w kt\u00f3rym si\u0119 znajduje. W takim przypadku Klient zobowi\u0105zany jest do uregulowania rachunku za zam\u00f3wion\u0105 us\u0142ug\u0119.<\/p>\n<p class=\"p1\" style=\"text-align: center;\"><strong>\u00a713<\/strong><\/p>\n<p class=\"p2\" style=\"text-align: center;\">FB Art prowadzi dokumentacj\u0119 wykonywanych \u015bwiadcze\u0144 oraz zapewnia ochron\u0119 danych osobowych\u00a0 zawartych w tej dokumentacji zgodnie z Rozporz\u0105dzeniem Parlamentu Europejskiego i Rady (UE) 2016\/679 z dnia 27 kwietnia 2016 r. w sprawie ochrony os\u00f3b fizycznych w zwi\u0105zku z przetwarzaniem danych osobowych i w sprawie swobodnego przep\u0142ywu takich danych oraz uchylenia dyrektywy 95\/46\/WE<b> <\/b>\u00a0(RODO).<\/p>\n<p>[\/et_pb_text][\/et_pb_column][\/et_pb_row][\/et_pb_section]<\/p>\n","protected":false},"excerpt":{"rendered":"<p>REGULAMIN \u015aWIADCZENIA US\u0141UG PRZEZ FB Art Dr n. med. Ewa K\u0142\u0119bokowska Gabinet fizjoterapii estetycznej \u00a71 \u015awiadczenia udzielane s\u0105 w\u00a0dni powszednie, w\u00a0godzinach ustalonych indywidualnie z\u00a0pacjentem\/klientem (zwany poni\u017cej Klientem). Wszelkie informacje dotycz\u0105ce us\u0142ug, wizyt oraz cen s\u0105 umieszczone na stronie internetowej fbart.pl. \u00a72 FB Art Dr n. med. Ewa K\u0142\u0119bokowska (zwany poni\u017cej\u00a0 FB Art) udziela \u015bwiadcze\u0144 odp\u0142atnie, [&hellip;]<\/p>\n","protected":false},"author":2,"featured_media":0,"parent":0,"menu_order":0,"comment_status":"closed","ping_status":"closed","template":"","meta":{"_et_pb_use_builder":"on","_et_pb_old_content":"","_et_gb_content_width":"","footnotes":""},"class_list":["post-295","page","type-page","status-publish","hentry"],"_links":{"self":[{"href":"https:\/\/fbart.pl\/index.php?rest_route=\/wp\/v2\/pages\/295","targetHints":{"allow":["GET"]}}],"collection":[{"href":"https:\/\/fbart.pl\/index.php?rest_route=\/wp\/v2\/pages"}],"about":[{"href":"https:\/\/fbart.pl\/index.php?rest_route=\/wp\/v2\/types\/page"}],"author":[{"embeddable":true,"href":"https:\/\/fbart.pl\/index.php?rest_route=\/wp\/v2\/users\/2"}],"replies":[{"embeddable":true,"href":"https:\/\/fbart.pl\/index.php?rest_route=%2Fwp%2Fv2%2Fcomments&post=295"}],"version-history":[{"count":4,"href":"https:\/\/fbart.pl\/index.php?rest_route=\/wp\/v2\/pages\/295\/revisions"}],"predecessor-version":[{"id":401,"href":"https:\/\/fbart.pl\/index.php?rest_route=\/wp\/v2\/pages\/295\/revisions\/401"}],"wp:attachment":[{"href":"https:\/\/fbart.pl\/index.php?rest_route=%2Fwp%2Fv2%2Fmedia&parent=295"}],"curies":[{"name":"wp","href":"https:\/\/api.w.org\/{rel}","templated":true}]}}