{"id":218,"date":"2022-07-20T13:30:09","date_gmt":"2022-07-20T13:30:09","guid":{"rendered":"https:\/\/fbart.pl\/?page_id=218"},"modified":"2022-10-12T11:53:00","modified_gmt":"2022-10-12T11:53:00","slug":"zdrowe-i-piekne-piersi","status":"publish","type":"page","link":"https:\/\/fbart.pl\/?page_id=218","title":{"rendered":"Zdrowe i pi\u0119kne piersi"},"content":{"rendered":"<p>[et_pb_section fb_built=&#8221;1&#8243; specialty=&#8221;on&#8221; padding_top_bottom_link_1=&#8221;false&#8221; padding_top_1=&#8221;110px&#8221; padding_1_tablet=&#8221;|||&#8221; padding_1_last_edited=&#8221;on|phone&#8221; admin_label=&#8221;Header&#8221; _builder_version=&#8221;4.14.8&#8243; background_image=&#8221;https:\/\/fbart.pl\/wp-content\/uploads\/2022\/10\/tlo22.jpg&#8221; background_size=&#8221;contain&#8221; background_position=&#8221;top_left&#8221; custom_padding=&#8221;15px|0px|0px|0px|false|false&#8221; hover_enabled=&#8221;0&#8243; global_colors_info=&#8221;{}&#8221; custom_margin_last_edited=&#8221;on|phone&#8221; sticky_enabled=&#8221;0&#8243; custom_padding_last_edited=&#8221;on|phone&#8221; custom_padding_phone=&#8221;0px|0px|0px|0px|false|false&#8221; padding_1_phone=&#8221;||||false|false&#8221; title_text=&#8221;tlo22&#8243; custom_padding_tablet=&#8221;15px|0px|0px|0px|false|false&#8221;][et_pb_column type=&#8221;1_2&#8243; _builder_version=&#8221;3.25&#8243; custom_padding=&#8221;|||&#8221; global_colors_info=&#8221;{}&#8221; custom_padding__hover=&#8221;|||&#8221;][et_pb_text _builder_version=&#8221;4.14.8&#8243; text_font=&#8221;Open Sans||||||||&#8221; text_font_size=&#8221;16px&#8221; text_line_height=&#8221;2em&#8221; header_font=&#8221;Playfair Display SC||||||||&#8221; header_font_size=&#8221;50px&#8221; header_line_height=&#8221;1.5em&#8221; header_6_font=&#8221;||||||||&#8221; max_width_last_edited=&#8221;off|desktop&#8221; module_alignment=&#8221;center&#8221; custom_margin=&#8221;||10px|||&#8221; custom_padding=&#8221;|||&#8221; text_font_size_tablet=&#8221;&#8221; text_font_size_phone=&#8221;14px&#8221; text_font_size_last_edited=&#8221;on|desktop&#8221; header_font_size_tablet=&#8221;50px&#8221; header_font_size_phone=&#8221;32px&#8221; header_font_size_last_edited=&#8221;on|phone&#8221; locked=&#8221;off&#8221; global_colors_info=&#8221;{}&#8221;]<\/p>\n<h1>zdrowe <br \/>i pi\u0119kne piersi<\/h1>\n<p style=\"text-align: justify;\">Badania naukowe dowodz\u0105, \u017ce <strong>regularny masa\u017c piers<\/strong><strong>i pomaga zapobiega\u0107 tworzeniu si\u0119 guzk\u00f3w i torbieli<\/strong>. Na ich struktur\u0119 w wi\u0119kszo\u015bci sk\u0142ada si\u0119 tkanka t\u0142uszczowa, kt\u00f3ra to podatna jest na kumulacj\u0119 toksyn. <strong>Prawid\u0142owe<\/strong> kr\u0105\u017cenie krwi, jako\u015bciowy i regularny ruch naszych tkanek, wp\u0142ywa znacz\u0105co na stan zdrowia, oraz bioestetyk\u0119 naszych piersi.<\/p>\n<p style=\"text-align: justify;\">Odpowiedni masa\u017c mo\u017ce znacznie <strong>wspom\u00f3c naturalny proces detoksykacji<\/strong>, nie tylko samego biustu, ale i ca\u0142ego organizmu. Pobudzenie tkanki limfatycznej wok\u00f3\u0142 naszych piersi sprawia, \u017ce <strong>zastoje i toksyny, uwalniane s\u0105 znacznie sprawniej<\/strong>. A \u015bwie\u017ca i jako\u015bciowa krew jest najlepszym eliksirem m\u0142odo\u015bci. Dodaj\u0105c regularne \u0107wiczenia i odpowiedni\u0105 diet\u0119, oraz masa\u017c mo\u017cemy zadzia\u0142a\u0107 wiele dobrego dla naszych tkanek piersi.<\/p>\n<p>[\/et_pb_text][\/et_pb_column][et_pb_column type=&#8221;1_2&#8243; specialty_columns=&#8221;2&#8243; _builder_version=&#8221;3.25&#8243; custom_padding=&#8221;|||&#8221; global_colors_info=&#8221;{}&#8221; custom_padding__hover=&#8221;|||&#8221;][et_pb_row_inner _builder_version=&#8221;4.14.8&#8243; custom_margin_tablet=&#8221;100px|||&#8221; custom_margin_phone=&#8221;74px|||||&#8221; custom_margin_last_edited=&#8221;on|phone&#8221; custom_padding=&#8221;0|0px|0|0px|true|false&#8221; global_colors_info=&#8221;{}&#8221;][et_pb_column_inner saved_specialty_column_type=&#8221;1_2&#8243; _builder_version=&#8221;3.25&#8243; custom_padding=&#8221;|||&#8221; global_colors_info=&#8221;{}&#8221; custom_padding__hover=&#8221;|||&#8221;][et_pb_image src=&#8221;https:\/\/fbart.pl\/wp-content\/uploads\/2022\/04\/pieknybiustjpg.jpg&#8221; title_text=&#8221;pieknybiustjpg&#8221; align_tablet=&#8221;center&#8221; align_phone=&#8221;center&#8221; align_last_edited=&#8221;on|desktop&#8221; _builder_version=&#8221;4.14.8&#8243; custom_margin=&#8221;169px|||||&#8221; custom_padding=&#8221;0px|||||&#8221; animation_style=&#8221;zoom&#8221; animation_intensity_zoom=&#8221;5%&#8221; hover_enabled=&#8221;0&#8243; border_width_all=&#8221;24px&#8221; border_color_all=&#8221;#ffffff&#8221; box_shadow_style=&#8221;preset3&#8243; box_shadow_horizontal=&#8221;-13px&#8221; box_shadow_vertical=&#8221;21px&#8221; box_shadow_blur=&#8221;150px&#8221; box_shadow_color=&#8221;rgba(0,0,0,0.2)&#8221; locked=&#8221;off&#8221; global_colors_info=&#8221;{}&#8221; custom_margin_last_edited=&#8221;on|phone&#8221; sticky_enabled=&#8221;0&#8243; custom_margin_phone=&#8221;0px||||false|false&#8221; custom_margin_tablet=&#8221;169px|||||&#8221;][\/et_pb_image][et_pb_testimonial _builder_version=&#8221;4.14.8&#8243; _module_preset=&#8221;default&#8221; custom_margin=&#8221;||91px|||&#8221; global_colors_info=&#8221;{}&#8221;]<\/p>\n<p style=\"text-align: center;\">Najbardziej ponadczasowym i klasycznym pi\u0119knem s\u0105 piersi kobiety.<br \/><strong><em>Johnny Depp<\/em><\/strong><\/p>\n<p>[\/et_pb_testimonial][\/et_pb_column_inner][\/et_pb_row_inner][\/et_pb_column][\/et_pb_section][et_pb_section fb_built=&#8221;1&#8243; _builder_version=&#8221;4.14.8&#8243; _module_preset=&#8221;default&#8221; custom_padding=&#8221;9px||10px|||&#8221; global_colors_info=&#8221;{}&#8221;][et_pb_row _builder_version=&#8221;4.14.8&#8243; _module_preset=&#8221;default&#8221; global_colors_info=&#8221;{}&#8221;][et_pb_column type=&#8221;4_4&#8243; _builder_version=&#8221;4.14.8&#8243; _module_preset=&#8221;default&#8221; global_colors_info=&#8221;{}&#8221;][et_pb_image src=&#8221;https:\/\/fbart.pl\/wp-content\/uploads\/2022\/10\/breast-cancer-concept-woman-checking-her-breast-2021-08-30-23-15-53-utc.jpg&#8221; title_text=&#8221;breast-cancer-concept-woman-checking-her-breast-2021-08-30-23-15-53-utc&#8221; _builder_version=&#8221;4.14.8&#8243; _module_preset=&#8221;default&#8221; global_colors_info=&#8221;{}&#8221;][\/et_pb_image][\/et_pb_column][\/et_pb_row][et_pb_row _builder_version=&#8221;4.14.8&#8243; _module_preset=&#8221;default&#8221; custom_padding=&#8221;||15px|||&#8221; global_colors_info=&#8221;{}&#8221;][et_pb_column type=&#8221;4_4&#8243; _builder_version=&#8221;4.14.8&#8243; _module_preset=&#8221;default&#8221; global_colors_info=&#8221;{}&#8221;][et_pb_text _builder_version=&#8221;4.14.8&#8243; text_font=&#8221;Open Sans||||||||&#8221; text_font_size=&#8221;16px&#8221; text_line_height=&#8221;2em&#8221; header_font=&#8221;Playfair Display SC||||||||&#8221; header_font_size=&#8221;50px&#8221; header_line_height=&#8221;1.5em&#8221; header_6_font=&#8221;||||||||&#8221; max_width_last_edited=&#8221;off|desktop&#8221; module_alignment=&#8221;center&#8221; custom_margin=&#8221;||10px|||&#8221; custom_padding=&#8221;|||&#8221; text_font_size_tablet=&#8221;&#8221; text_font_size_phone=&#8221;14px&#8221; text_font_size_last_edited=&#8221;on|desktop&#8221; header_font_size_tablet=&#8221;50px&#8221; header_font_size_phone=&#8221;32px&#8221; header_font_size_last_edited=&#8221;on|phone&#8221; locked=&#8221;off&#8221; global_colors_info=&#8221;{}&#8221;]<\/p>\n<p style=\"text-align: justify;\">Z uwagi na to, \u017ce w obszarze klatki piersiowej znajduje si\u0119 wiele w\u0119z\u0142\u00f3w ch\u0142onnych, w\u0142a\u015bciwy masa\u017c mo\u017ce by\u0107 <strong>zbawienny dla oczyszczenia i drena\u017cu<\/strong> nie tylko piersi, ale ca\u0142ego naszego cia\u0142a. Masa\u017c piersi wp\u0142ywa r\u00f3wnie\u017c na po\u0142\u0105czenia neuronalne i gruczo\u0142y dokrewne, kt\u00f3re reguluj\u0105 gospodark\u0119 naszymi hormonami. Systematyczny i odpowiedni dotyk naszych piersi pomaga <strong>wzmocni\u0107 uk\u0142ad hormonalny<\/strong>, wydzielaj\u0105c przy tym hormony dopaminy, oksytocyny, prolaktyny i estragonu, czyli s\u0142u\u017cy\u0107 nam jako prawdziwy eliksir na kobiece pi\u0119kno.<\/p>\n<p style=\"text-align: justify;\">Dope\u0142nieniem terapii jest kinesiotaping piersi, kt\u00f3ry poprawia kr\u0105\u017cenie, ma na celu poj\u0119drnienie sk\u00f3ry, redukcj\u0119 blizn oraz rozst\u0119p\u00f3w.<\/p>\n<p>[\/et_pb_text][\/et_pb_column][\/et_pb_row][\/et_pb_section][et_pb_section fb_built=&#8221;1&#8243; admin_label=&#8221;Gallery&#8221; _builder_version=&#8221;3.22&#8243; custom_padding=&#8221;13.9px|0|10.9px|0px|false|false&#8221; global_colors_info=&#8221;{}&#8221;][et_pb_row _builder_version=&#8221;4.14.8&#8243; min_height=&#8221;162.6px&#8221; custom_margin=&#8221;-9px|auto||auto||&#8221; custom_padding=&#8221;0px|||||&#8221; global_colors_info=&#8221;{}&#8221;][et_pb_column type=&#8221;4_4&#8243; _builder_version=&#8221;3.25&#8243; custom_padding=&#8221;|||&#8221; global_colors_info=&#8221;{}&#8221; custom_padding__hover=&#8221;|||&#8221;][et_pb_text _builder_version=&#8221;4.14.8&#8243; _module_preset=&#8221;default&#8221; custom_margin=&#8221;|25px||||&#8221; custom_padding=&#8221;25px|||||&#8221; global_colors_info=&#8221;{}&#8221;]<\/p>\n<p style=\"text-align: center;\">Cz\u0119stotliwo\u015b\u0107 wykonywania masa\u017cu i kinesiotapingu estetycznego jest \u015bci\u015ble zwi\u0105zana<br \/>z <strong>indywidualnymi potrzebami Twoich tkanek<\/strong>. Je\u015bli zale\u017cy Ci na d\u0142ugotrwa\u0142ym efekcie wymodelowania, poj\u0119drnienia sk\u00f3ry piersi, eliminacji rozst\u0119p\u00f3w oraz blizn zaleca si\u0119 zabiegi dwa razy w tygodniu do uzyskania zadowalaj\u0105cego efektu.<\/p>\n<p style=\"text-align: center;\">Czas trwania zabiegu to <strong>oko\u0142o 60 minut.<\/strong><\/p>\n<p>[\/et_pb_text][\/et_pb_column][\/et_pb_row][\/et_pb_section][et_pb_section fb_built=&#8221;1&#8243; admin_label=&#8221;Footer&#8221; _builder_version=&#8221;3.22&#8243; background_color=&#8221;#1f1f1f&#8221; saved_tabs=&#8221;all&#8221; global_colors_info=&#8221;{}&#8221;][et_pb_row column_structure=&#8221;2_5,3_5&#8243; _builder_version=&#8221;4.14.8&#8243; global_colors_info=&#8221;{}&#8221;][et_pb_column type=&#8221;2_5&#8243; _builder_version=&#8221;3.25&#8243; custom_padding=&#8221;|||&#8221; global_colors_info=&#8221;{}&#8221; custom_padding__hover=&#8221;|||&#8221;][et_pb_text _builder_version=&#8221;4.14.8&#8243; text_font=&#8221;||||||||&#8221; link_font=&#8221;Open Sans|600|||||||&#8221; link_text_color=&#8221;#8d8181&#8243; link_font_size=&#8221;16px&#8221; link_line_height=&#8221;2em&#8221; header_font=&#8221;||||||||&#8221; header_2_font=&#8221;||||||||&#8221; header_3_font=&#8221;||||||||&#8221; header_4_font=&#8221;Playfair Display SC||||||||&#8221; header_4_font_size=&#8221;20px&#8221; header_4_line_height=&#8221;1.5em&#8221; background_layout=&#8221;dark&#8221; custom_margin=&#8221;||30px|||&#8221; global_colors_info=&#8221;{}&#8221;]<\/p>\n<h4>Kontakt<\/h4>\n<p><span style=\"color: #999999;\">Tel: <a href=\"tel:502734976\">502\u00a0734\u00a0976<\/a><br \/><\/span><a href=\"mailto:fbart.ewa.klebokowska@gmail.com\"><span style=\"color: #999999;\">Email: fbart.ewa.klebokowska@gmail.com<\/span><\/a><\/p>\n<p>[\/et_pb_text][et_pb_image src=&#8221;https:\/\/fbart.pl\/wp-content\/uploads\/2022\/05\/logo_jasne.png&#8221; title_text=&#8221;logo_jasne&#8221; _builder_version=&#8221;4.14.8&#8243; _module_preset=&#8221;default&#8221; width=&#8221;50%&#8221; global_colors_info=&#8221;{}&#8221;][\/et_pb_image][\/et_pb_column][et_pb_column type=&#8221;3_5&#8243; _builder_version=&#8221;3.25&#8243; custom_padding=&#8221;|||&#8221; global_colors_info=&#8221;{}&#8221; custom_padding__hover=&#8221;|||&#8221;][et_pb_text _builder_version=&#8221;4.14.8&#8243; text_font=&#8221;||||||||&#8221; link_font=&#8221;Open Sans|600|||||||&#8221; link_text_color=&#8221;#8d8181&#8243; link_font_size=&#8221;16px&#8221; link_line_height=&#8221;2em&#8221; header_font=&#8221;||||||||&#8221; header_2_font=&#8221;||||||||&#8221; header_3_font=&#8221;||||||||&#8221; header_4_font=&#8221;Playfair Display SC||||||||&#8221; header_4_font_size=&#8221;20px&#8221; header_4_line_height=&#8221;1.5em&#8221; background_layout=&#8221;dark&#8221; custom_margin=&#8221;|||&#8221; global_colors_info=&#8221;{}&#8221;]<\/p>\n<h4>Gabinet<\/h4>\n<p><span style=\"color: #999999;\">Je\u015bli chcesz um\u00f3wi\u0107 si\u0119 na zabieg zadzwo\u0144 lub napisz.<\/span><\/p>\n<p><span style=\"color: #999999;\"> <strong>Godziny otwarcia<\/strong> dostosowane do zapis\u00f3w klient\u00f3w<\/span><\/p>\n<p><span style=\"color: #999999;\">FB Art jest gabinetem z terapi\u0105 stacjonarn\u0105 oraz mobiln\u0105, z dojazdem do klienta, w Lublinie i okolicach.\u00a0 <\/span><span style=\"color: #999999;\">Jest miejscem, w kt\u00f3rym b\u0119d\u0119 si\u0119 dzieli\u0107 z Wami moj\u0105 pasj\u0105, a mam niebywa\u0142e szcz\u0119\u015bcie, \u017ce <strong>moja praca to r\u00f3wnie\u017c moja pasja i hobby.<\/strong><\/span><\/p>\n<p><a href=\"#top\"><\/a><\/p>\n<p>[\/et_pb_text][et_pb_text _builder_version=&#8221;4.14.8&#8243; text_font=&#8221;||||||||&#8221; link_font=&#8221;Open Sans|600|||||||&#8221; link_text_color=&#8221;#8d8181&#8243; link_font_size=&#8221;16px&#8221; link_line_height=&#8221;2em&#8221; header_font=&#8221;||||||||&#8221; header_2_font=&#8221;||||||||&#8221; header_3_font=&#8221;||||||||&#8221; header_4_font=&#8221;Playfair Display SC||||||||&#8221; header_4_font_size=&#8221;20px&#8221; header_4_line_height=&#8221;1.5em&#8221; background_layout=&#8221;dark&#8221; custom_margin=&#8221;20px||0px|&#8221; global_colors_info=&#8221;{}&#8221;]<\/p>\n<h4>B\u0105d\u017a z nami<\/h4>\n<p>[\/et_pb_text][et_pb_social_media_follow _builder_version=&#8221;4.14.8&#8243; custom_margin=&#8221;1px|||&#8221; border_radii=&#8221;on|0px|0px|0px|0px&#8221; border_width_all=&#8221;8px&#8221; border_color_all=&#8221;rgba(0,0,0,0)&#8221; global_colors_info=&#8221;{}&#8221;][et_pb_social_media_follow_network social_network=&#8221;facebook&#8221; url=&#8221;https:\/\/www.facebook.com\/face.and.bodymodeling.lublin&#8221; _builder_version=&#8221;4.14.8&#8243; background_color=&#8221;rgba(141,129,129,0.15)&#8221; global_colors_info=&#8221;{}&#8221; follow_button=&#8221;off&#8221; url_new_window=&#8221;on&#8221;]facebook[\/et_pb_social_media_follow_network][et_pb_social_media_follow_network social_network=&#8221;instagram&#8221; url=&#8221;https:\/\/www.instagram.com\/face_and_bodymodeling_lublin\/&#8221; _builder_version=&#8221;4.14.8&#8243; background_color=&#8221;rgba(141,129,129,0.15)&#8221; global_colors_info=&#8221;{}&#8221; follow_button=&#8221;off&#8221; url_new_window=&#8221;on&#8221;]instagram[\/et_pb_social_media_follow_network][\/et_pb_social_media_follow][\/et_pb_column][\/et_pb_row][\/et_pb_section]<\/p>\n","protected":false},"excerpt":{"rendered":"<p>zdrowe i pi\u0119kne piersi Badania naukowe dowodz\u0105, \u017ce regularny masa\u017c piersi pomaga zapobiega\u0107 tworzeniu si\u0119 guzk\u00f3w i torbieli. Na ich struktur\u0119 w wi\u0119kszo\u015bci sk\u0142ada si\u0119 tkanka t\u0142uszczowa, kt\u00f3ra to podatna jest na kumulacj\u0119 toksyn. Prawid\u0142owe kr\u0105\u017cenie krwi, jako\u015bciowy i regularny ruch naszych tkanek, wp\u0142ywa znacz\u0105co na stan zdrowia, oraz bioestetyk\u0119 naszych piersi. Odpowiedni masa\u017c mo\u017ce [&hellip;]<\/p>\n","protected":false},"author":1,"featured_media":0,"parent":0,"menu_order":0,"comment_status":"closed","ping_status":"closed","template":"","meta":{"_et_pb_use_builder":"on","_et_pb_old_content":"","_et_gb_content_width":"","footnotes":""},"class_list":["post-218","page","type-page","status-publish","hentry"],"_links":{"self":[{"href":"https:\/\/fbart.pl\/index.php?rest_route=\/wp\/v2\/pages\/218","targetHints":{"allow":["GET"]}}],"collection":[{"href":"https:\/\/fbart.pl\/index.php?rest_route=\/wp\/v2\/pages"}],"about":[{"href":"https:\/\/fbart.pl\/index.php?rest_route=\/wp\/v2\/types\/page"}],"author":[{"embeddable":true,"href":"https:\/\/fbart.pl\/index.php?rest_route=\/wp\/v2\/users\/1"}],"replies":[{"embeddable":true,"href":"https:\/\/fbart.pl\/index.php?rest_route=%2Fwp%2Fv2%2Fcomments&post=218"}],"version-history":[{"count":9,"href":"https:\/\/fbart.pl\/index.php?rest_route=\/wp\/v2\/pages\/218\/revisions"}],"predecessor-version":[{"id":382,"href":"https:\/\/fbart.pl\/index.php?rest_route=\/wp\/v2\/pages\/218\/revisions\/382"}],"wp:attachment":[{"href":"https:\/\/fbart.pl\/index.php?rest_route=%2Fwp%2Fv2%2Fmedia&parent=218"}],"curies":[{"name":"wp","href":"https:\/\/api.w.org\/{rel}","templated":true}]}}