{"id":201,"date":"2022-07-20T07:11:54","date_gmt":"2022-07-20T07:11:54","guid":{"rendered":"https:\/\/fbart.pl\/?page_id=201"},"modified":"2022-10-12T11:57:06","modified_gmt":"2022-10-12T11:57:06","slug":"kinesiotaping","status":"publish","type":"page","link":"https:\/\/fbart.pl\/?page_id=201","title":{"rendered":"Kinesiotaping"},"content":{"rendered":"<p>[et_pb_section fb_built=&#8221;1&#8243; specialty=&#8221;on&#8221; padding_top_bottom_link_1=&#8221;false&#8221; padding_left_right_link_1=&#8221;false&#8221; padding_top_1=&#8221;10%&#8221; padding_1_tablet=&#8221;|||&#8221; padding_1_phone=&#8221;100px||||false|false&#8221; padding_1_last_edited=&#8221;on|phone&#8221; admin_label=&#8221;Header&#8221; _builder_version=&#8221;4.14.8&#8243; background_image=&#8221;https:\/\/fbart.pl\/wp-content\/uploads\/2022\/10\/tlo22.jpg&#8221; background_size=&#8221;contain&#8221; background_position=&#8221;top_left&#8221; width_tablet=&#8221;&#8221; width_phone=&#8221;&#8221; width_last_edited=&#8221;on|phone&#8221; inner_max_width_tablet=&#8221;&#8221; inner_max_width_phone=&#8221;&#8221; inner_max_width_last_edited=&#8221;on|phone&#8221; custom_padding=&#8221;||||false|false&#8221; hover_enabled=&#8221;0&#8243; global_colors_info=&#8221;{}&#8221; title_text=&#8221;tlo22&#8243; sticky_enabled=&#8221;0&#8243;][et_pb_column type=&#8221;1_2&#8243; _builder_version=&#8221;3.25&#8243; custom_padding=&#8221;|||&#8221; global_colors_info=&#8221;{}&#8221; custom_padding__hover=&#8221;|||&#8221;][et_pb_text _builder_version=&#8221;4.14.8&#8243; text_font=&#8221;Open Sans||||||||&#8221; text_font_size=&#8221;16px&#8221; text_line_height=&#8221;2em&#8221; header_font=&#8221;Playfair Display SC||||||||&#8221; header_font_size=&#8221;50px&#8221; header_line_height=&#8221;1.5em&#8221; header_6_font=&#8221;||||||||&#8221; max_width_last_edited=&#8221;off|desktop&#8221; module_alignment=&#8221;center&#8221; custom_margin=&#8221;||10px|||&#8221; custom_padding=&#8221;0px|||||&#8221; text_font_size_tablet=&#8221;&#8221; text_font_size_phone=&#8221;14px&#8221; text_font_size_last_edited=&#8221;on|desktop&#8221; header_font_size_tablet=&#8221;50px&#8221; header_font_size_phone=&#8221;32px&#8221; header_font_size_last_edited=&#8221;on|phone&#8221; locked=&#8221;off&#8221; global_colors_info=&#8221;{}&#8221;]<\/p>\n<h1>kinesiotaping estetyczny<\/h1>\n<p style=\"text-align: justify;\">Kinesiotaping czyli metoda <strong>plastrowania dynamicznego<\/strong> to japo\u0144ska metoda, kt\u00f3ra by\u0142a stosowana ju\u017c w latach 70-tych, kiedy to stworzy\u0142 j\u0105 japo\u0144ski fizjoterapeuta dr Kenzo Kase.<\/p>\n<p style=\"text-align: justify;\">Wykorzystywana w terapiach naturalnych twarzy, medycynie estetycznej, stomatologii czy rehabilitacji daje wiele korzy\u015bci. <strong>Wspiera<\/strong> lifting twarzy, jest to bezpieczna i niezwykle skuteczna metoda w walce z blokadami kostno \u2013 mi\u0119\u015bniowymi, pozwala <strong>niwelowa\u0107<\/strong> napi\u0119cia mi\u0119\u015bniowe, zastoje limfatyczne w obszarze twarzy, szyi i dekoltu, jak r\u00f3wnie\u017c przywraca w\u0142a\u015bciwy tor oddechowy.<\/p>\n<p>Kinesiotaping zwi\u0119ksza odleg\u0142o\u015b\u0107 pomi\u0119dzy powi\u0119zi\u0105 a sk\u00f3r\u0105 w\u0142a\u015bciw\u0105, u\u0142atwiaj\u0105c przep\u0142yw p\u0142yn\u00f3w oraz popraw\u0119 mikrokr\u0105\u017cenia.<\/p>\n<p style=\"text-align: justify;\">To niezwykle istotny i wysoce skuteczny element odnowy biologicznej, efektywna forma rehabilitacji estetycznej tkanek naszej twarzy, szyi, dekoltu oraz biustu. Plastry zwi\u0119kszaj\u0105 i przed\u0142u\u017caj\u0105 efekty zabieg\u00f3w odm\u0142adzania manualnego twarzy.<\/p>\n<p>[\/et_pb_text][\/et_pb_column][et_pb_column type=&#8221;1_2&#8243; specialty_columns=&#8221;2&#8243; _builder_version=&#8221;3.25&#8243; custom_padding=&#8221;|||&#8221; global_colors_info=&#8221;{}&#8221; custom_padding__hover=&#8221;|||&#8221;][et_pb_row_inner _builder_version=&#8221;4.14.8&#8243; width_tablet=&#8221;&#8221; width_phone=&#8221;&#8221; width_last_edited=&#8221;on|phone&#8221; max_height_tablet=&#8221;&#8221; max_height_phone=&#8221;&#8221; max_height_last_edited=&#8221;on|phone&#8221; custom_margin_tablet=&#8221;100px|||&#8221; custom_margin_phone=&#8221;74px|||||&#8221; custom_margin_last_edited=&#8221;on|desktop&#8221; custom_padding=&#8221;0|0px|0|0px|true|false&#8221; box_shadow_style=&#8221;preset4&#8243; box_shadow_horizontal=&#8221;260px&#8221; box_shadow_vertical=&#8221;-100px&#8221; box_shadow_color=&#8221;RGBA(255,255,255,0)&#8221; global_colors_info=&#8221;{}&#8221;][et_pb_column_inner saved_specialty_column_type=&#8221;1_2&#8243; _builder_version=&#8221;3.25&#8243; custom_padding=&#8221;|||&#8221; global_colors_info=&#8221;{}&#8221; custom_padding__hover=&#8221;|||&#8221;][et_pb_image src=&#8221;https:\/\/fbart.pl\/wp-content\/uploads\/2022\/07\/086A5381a-scaled.jpg&#8221; title_text=&#8221;086A5381a&#8221; align_tablet=&#8221;center&#8221; align_phone=&#8221;center&#8221; align_last_edited=&#8221;on|desktop&#8221; _builder_version=&#8221;4.14.8&#8243; custom_margin=&#8221;10px|||||&#8221; custom_margin_tablet=&#8221;10px|||||&#8221; custom_margin_phone=&#8221;0px||||false|false&#8221; custom_margin_last_edited=&#8221;on|phone&#8221; custom_padding=&#8221;161px|||||&#8221; custom_padding_tablet=&#8221;161px|||||&#8221; custom_padding_phone=&#8221;0px||||false|false&#8221; custom_padding_last_edited=&#8221;on|phone&#8221; animation_style=&#8221;zoom&#8221; animation_intensity_zoom=&#8221;5%&#8221; border_width_all=&#8221;24px&#8221; border_color_all=&#8221;#ffffff&#8221; box_shadow_style=&#8221;preset3&#8243; box_shadow_vertical=&#8221;70px&#8221; box_shadow_blur=&#8221;150px&#8221; box_shadow_color=&#8221;rgba(0,0,0,0.32)&#8221; locked=&#8221;off&#8221; global_colors_info=&#8221;{}&#8221;][\/et_pb_image][\/et_pb_column_inner][\/et_pb_row_inner][\/et_pb_column][\/et_pb_section][et_pb_section fb_built=&#8221;1&#8243; admin_label=&#8221;About&#8221; _builder_version=&#8221;4.14.8&#8243; background_enable_image=&#8221;off&#8221; background_size=&#8221;initial&#8221; background_position=&#8221;top_left&#8221; min_height=&#8221;1886.1px&#8221; custom_padding=&#8221;28px|0|8px|0px|false|false&#8221; saved_tabs=&#8221;all&#8221; global_colors_info=&#8221;{}&#8221;][et_pb_row column_structure=&#8221;1_2,1_2&#8243; _builder_version=&#8221;4.14.8&#8243; _module_preset=&#8221;default&#8221; custom_margin=&#8221;-24px|auto||auto||&#8221; custom_padding=&#8221;0px|||||&#8221; global_colors_info=&#8221;{}&#8221;][et_pb_column type=&#8221;1_2&#8243; _builder_version=&#8221;4.14.8&#8243; _module_preset=&#8221;default&#8221; global_colors_info=&#8221;{}&#8221;][et_pb_text _builder_version=&#8221;4.14.8&#8243; _module_preset=&#8221;default&#8221; width=&#8221;100%&#8221; custom_margin=&#8221;|||0px||&#8221; custom_padding=&#8221;|||0px||&#8221; global_colors_info=&#8221;{}&#8221;]<\/p>\n<p style=\"text-align: justify;\">Z <strong>kinesiotapingu<\/strong> <strong>mo\u017ce skorzysta\u0107 ka\u017cdy<\/strong> zar\u00f3wno kobiety, jak i m\u0119\u017cczy\u017ani, oczywi\u015bcie je\u015bli nie maj\u0105 co do tego \u017cadnych przeciwwskaza\u0144.<\/p>\n<p style=\"text-align: justify;\"><strong>Kinesiotaping estetyczny twarzy<\/strong> przeznaczony jest przede wszystkim dla os\u00f3b, u kt\u00f3rych <strong>zaczynaj\u0105 pojawia\u0107 si\u0119 pierwsze oznaki up\u0142ywaj\u0105cego czasu<\/strong> i dla tych, kt\u00f3rzy <strong>chc\u0105 poprawi\u0107 sw\u00f3j wygl\u0105d<\/strong> \u2013 zmarszczki, utrata j\u0119drno\u015bci sk\u00f3ry, zwi\u0119kszenie napi\u0119cia mi\u0119\u015bni, <strong>w tym zwi\u0105zanych z bruksizmem<\/strong><strong>,<\/strong> \u00a0problemy z obrz\u0119kami na twarzy, w okolicach oczu czy formuj\u0105cy si\u0119<span>\u00a0 <\/span>drugi podbr\u00f3dek.<\/p>\n<p style=\"text-align: justify;\">Mi\u0119\u015bnie mimiczne maj\u0105 zako\u0144czenia w obr\u0119bie tkanki t\u0142uszczowej podsk\u00f3rnej, w odr\u00f3\u017cnieniu od mi\u0119\u015bni szkieletowych, kt\u00f3re przyczepiaj\u0105 si\u0119 do struktur kostnych. Mog\u0105 porusza\u0107 sk\u00f3r\u0119 twarzy i tworzy\u0107 zmarszczki poprzez wykonywanie powtarzalnych ruch\u00f3w. Powstaj\u0105 m.in. poprzez zaburzenia w obr\u0119bie struktury w\u0142\u00f3kien kolagenowych, elastynowych oraz retikulinowych sk\u00f3ry w\u0142a\u015bciwej i tkanki podsk\u00f3rnej. W wyniku nieustannej pracy mi\u0119\u015bni sk\u00f3ra znajduj\u0105ca si\u0119 nad nimi staje si\u0119 mniej spr\u0119\u017cysta. Napi\u0119cia mi\u0119\u015bni przek\u0142adaj\u0105 si\u0119 na nask\u00f3rek, kt\u00f3ry jest napinany wzd\u0142u\u017c osi prostopad\u0142ej do mi\u0119\u015bnia, co predysponuje do powstawania zmarszczek. Dzi\u0119ki wykorzystaniu plastrowania dynamicznego jeste\u015bmy w stanie dzia\u0142a\u0107 zar\u00f3wno profilaktycznie jak i leczniczo.<\/p>\n<p>[\/et_pb_text][\/et_pb_column][et_pb_column type=&#8221;1_2&#8243; _builder_version=&#8221;4.14.8&#8243; _module_preset=&#8221;default&#8221; global_colors_info=&#8221;{}&#8221;][et_pb_image src=&#8221;https:\/\/fbart.pl\/wp-content\/uploads\/2022\/10\/086A5833.jpg&#8221; title_text=&#8221;086A5833&#8243; _builder_version=&#8221;4.14.8&#8243; _module_preset=&#8221;default&#8221; custom_padding=&#8221;||0px|||&#8221; border_width_all=&#8221;21px&#8221; border_color_all=&#8221;#FFFFFF&#8221; box_shadow_style=&#8221;preset2&#8243; box_shadow_vertical=&#8221;26px&#8221; box_shadow_blur=&#8221;80px&#8221; global_colors_info=&#8221;{}&#8221;][\/et_pb_image][\/et_pb_column][\/et_pb_row][et_pb_row column_structure=&#8221;1_3,2_3&#8243; _builder_version=&#8221;4.14.8&#8243; min_height=&#8221;340px&#8221; custom_padding=&#8221;65px||0px|||&#8221; animation_style=&#8221;slide&#8221; border_style_all=&#8221;none&#8221; border_width_top=&#8221;1px&#8221; border_width_bottom=&#8221;1px&#8221; global_colors_info=&#8221;{}&#8221;][et_pb_column type=&#8221;1_3&#8243; _builder_version=&#8221;3.25&#8243; custom_padding=&#8221;|||&#8221; global_colors_info=&#8221;{}&#8221; custom_padding__hover=&#8221;|||&#8221;][et_pb_text content_tablet=&#8221;<\/p>\n<h3 style=%22text-align: right;%22><strong>Odpowiednia aplikacja<br \/>ta\u015bm wp\u0142ywa na:<\/strong><\/h3>\n<p>&#8221; content_phone=&#8221;<\/p>\n<h3 style=%22text-align: left;%22><strong>Odpowiednia aplikacja<br \/>ta\u015bm wp\u0142ywa na:<\/strong><\/h3>\n<p>&#8221; content_last_edited=&#8221;on|phone&#8221; _builder_version=&#8221;4.14.8&#8243; text_font=&#8221;||||||||&#8221; header_font=&#8221;||||||||&#8221; header_2_font=&#8221;Playfair Display SC||||||||&#8221; header_2_font_size=&#8221;45px&#8221; header_2_line_height=&#8221;1.5em&#8221; header_6_font=&#8221;||||||||&#8221; text_orientation=&#8221;center&#8221; max_width_last_edited=&#8221;off|desktop&#8221; module_alignment=&#8221;center&#8221; custom_margin=&#8221;|||11px||&#8221; custom_padding=&#8221;|||&#8221; header_2_font_size_tablet=&#8221;40px&#8221; header_2_font_size_phone=&#8221;28px&#8221; header_2_font_size_last_edited=&#8221;on|phone&#8221; global_colors_info=&#8221;{}&#8221;]<\/p>\n<h3 style=\"text-align: right;\"><strong>Odpowiednia aplikacja<br \/>ta\u015bm wp\u0142ywa na:<\/strong><\/h3>\n<p>[\/et_pb_text][\/et_pb_column][et_pb_column type=&#8221;2_3&#8243; _builder_version=&#8221;3.25&#8243; custom_padding=&#8221;|||&#8221; global_colors_info=&#8221;{}&#8221; custom_padding__hover=&#8221;|||&#8221;][et_pb_text _builder_version=&#8221;4.14.8&#8243; _module_preset=&#8221;default&#8221; custom_padding=&#8221;||0px|0px||&#8221; global_colors_info=&#8221;{}&#8221;]<\/p>\n<ul>\n<li style=\"list-style-type: none;\">\n<ul>\n<li style=\"list-style-type: none;\">\n<ul>\n<li style=\"list-style-type: none;\">\n<ul>\n<li><strong>regeneracj\u0119<\/strong> najg\u0142\u0119biej po\u0142o\u017conych tkanek<\/li>\n<li><strong>modelowanie<\/strong> linii twarzy<\/li>\n<li><strong>rozlu\u017anienie<\/strong> napi\u0119\u0107 mi\u0119\u015bniowych<\/li>\n<li><strong>popraw\u0119<\/strong> elastyczno\u015bci i j\u0119drno\u015bci sk\u00f3ry<span><\/span><\/li>\n<li><strong>wyg\u0142adzenie<\/strong> sk\u00f3ry i zmniejszenie widoczno\u015bci zmarszczek<span><\/span><\/li>\n<li><strong>zrelaksowanie<\/strong> oraz pozbycie si\u0119 napi\u0119\u0107 mi\u0119\u015bni \u017cwaczy, kt\u00f3re napinaj\u0105 si\u0119 przez stres<br \/>i negatywne emocje, co mo\u017ce prowadzi\u0107 do bruksizmu i problem\u00f3w ze stawem skroniowo-\u017cuchwowym<\/li>\n<li>zmniejszenie widoczno\u015bci blizn<\/li>\n<li>od\u017cywienie i dotlenienie tkanek<\/li>\n<\/ul>\n<\/li>\n<\/ul>\n<\/li>\n<\/ul>\n<\/li>\n<\/ul>\n<p>[\/et_pb_text][\/et_pb_column][\/et_pb_row][et_pb_row column_structure=&#8221;1_3,2_3&#8243; _builder_version=&#8221;4.14.8&#8243; custom_padding=&#8221;1px||0px|||&#8221; global_colors_info=&#8221;{}&#8221;][et_pb_column type=&#8221;1_3&#8243; _builder_version=&#8221;3.25&#8243; custom_padding=&#8221;|||&#8221; global_colors_info=&#8221;{}&#8221; custom_padding__hover=&#8221;|||&#8221;][et_pb_text content_tablet=&#8221;<\/p>\n<h3 style=%22text-align: right;%22><strong>Przeciwwskazania:<\/strong><\/h3>\n<p style=%22text-align: right;%22><strong><\/strong><\/p>\n<p>\u00a0<\/p>\n<p>&#8221; content_phone=&#8221;<\/p>\n<h3 style=%22text-align: left;%22><strong>Przeciwwskazania:<\/strong><\/h3>\n<p style=%22text-align: left;%22><strong><\/strong><\/p>\n<p style=%22text-align: left;%22>&#8221; content_last_edited=&#8221;on|phone&#8221; _builder_version=&#8221;4.14.8&#8243; text_font=&#8221;||||||||&#8221; header_font=&#8221;||||||||&#8221; header_2_font=&#8221;Playfair Display SC||||||||&#8221; header_2_font_size=&#8221;45px&#8221; header_2_line_height=&#8221;1.5em&#8221; header_6_font=&#8221;||||||||&#8221; text_orientation=&#8221;center&#8221; max_width_last_edited=&#8221;off|desktop&#8221; module_alignment=&#8221;center&#8221; custom_margin=&#8221;||-37px|11px||&#8221; custom_padding=&#8221;|||&#8221; header_2_font_size_tablet=&#8221;40px&#8221; header_2_font_size_phone=&#8221;28px&#8221; header_2_font_size_last_edited=&#8221;on|phone&#8221; global_colors_info=&#8221;{}&#8221;]<\/p>\n<h3 style=\"text-align: right;\"><strong>Przeciwwskazania:<\/strong><\/h3>\n<p style=\"text-align: right;\"><strong><\/strong><\/p>\n<p>&nbsp;<\/p>\n<p>[\/et_pb_text][\/et_pb_column][et_pb_column type=&#8221;2_3&#8243; _builder_version=&#8221;3.25&#8243; custom_padding=&#8221;|||&#8221; global_colors_info=&#8221;{}&#8221; custom_padding__hover=&#8221;|||&#8221;][et_pb_text _builder_version=&#8221;4.14.8&#8243; _module_preset=&#8221;default&#8221; custom_margin=&#8221;||-28px|||&#8221; custom_padding=&#8221;||0px|0px||&#8221; global_colors_info=&#8221;{}&#8221;]<\/p>\n<ul>\n<li style=\"list-style-type: none;\">\n<ul>\n<li style=\"list-style-type: none;\">\n<ul>\n<li style=\"list-style-type: none;\">\n<ul>\n<li>reakcje alergiczne na sk\u0142adniki plastra (aby sprawdzi\u0107 czy nie pojawi si\u0119 reakcja alergiczna nale\u017cy przyklei\u0107 kawa\u0142ek plastra na nadgarstek i obserwowa\u0107 sk\u00f3r\u0119 po minimum godzinie)<\/li>\n<li>zakrzepica \u017cy\u0142<span>g\u0142\u0119bokich<\/span><\/li>\n<li><span> <\/span>stany zapalne, podra\u017cnienia i infekcje sk\u00f3rne<span>w miejscu aplikacji plastra<\/span><\/li>\n<li>przerwana ci\u0105g\u0142o\u015b\u0107 nask\u00f3rka w miejscu przyklejenia plastra \u015bwie\u017ce rany i blizny<strong><\/strong>, czyli dynamiczne plastrowanie, kt\u00f3re wspiera regeneracj\u0119 tkanek po masa\u017cu, usprawnia drena\u017c, modeluje i dzia\u0142a liftinguj\u0105co.<\/li>\n<\/ul>\n<\/li>\n<\/ul>\n<\/li>\n<\/ul>\n<\/li>\n<\/ul>\n<p>[\/et_pb_text][\/et_pb_column][\/et_pb_row][et_pb_row _builder_version=&#8221;4.14.8&#8243; _module_preset=&#8221;default&#8221; global_colors_info=&#8221;{}&#8221;][et_pb_column type=&#8221;4_4&#8243; _builder_version=&#8221;4.14.8&#8243; _module_preset=&#8221;default&#8221; global_colors_info=&#8221;{}&#8221;][et_pb_image src=&#8221;https:\/\/fbart.pl\/wp-content\/uploads\/2022\/07\/kinezjo2-scaled.jpg&#8221; title_text=&#8221;kinezjo2&#8243; _builder_version=&#8221;4.14.8&#8243; _module_preset=&#8221;default&#8221; global_colors_info=&#8221;{}&#8221;][\/et_pb_image][\/et_pb_column][\/et_pb_row][\/et_pb_section][et_pb_section fb_built=&#8221;1&#8243; admin_label=&#8221;Gallery&#8221; _builder_version=&#8221;3.22&#8243; min_height=&#8221;176.7px&#8221; custom_padding=&#8221;13.9px|0|0px|0px|false|false&#8221; global_colors_info=&#8221;{}&#8221;][et_pb_row _builder_version=&#8221;4.14.8&#8243; width=&#8221;100%&#8221; min_height=&#8221;157.9px&#8221; custom_margin=&#8221;-18px|auto||auto||&#8221; custom_padding=&#8221;||0px|||&#8221; global_colors_info=&#8221;{}&#8221;][et_pb_column type=&#8221;4_4&#8243; _builder_version=&#8221;3.25&#8243; custom_padding=&#8221;|||&#8221; global_colors_info=&#8221;{}&#8221; custom_padding__hover=&#8221;|||&#8221;][et_pb_text _builder_version=&#8221;4.14.8&#8243; _module_preset=&#8221;default&#8221; custom_margin=&#8221;-8px|25px|31px|||&#8221; custom_padding=&#8221;7px|60px||60px||&#8221; global_colors_info=&#8221;{}&#8221;]<\/p>\n<p style=\"text-align: center;\"><span>Na mi\u0119\u015bnie twarzy oraz szyi aplikacje plastr\u00f3w wykonuje si\u0119 na czas <strong>od 3 do 12 godzin<\/strong>. <\/span><\/p>\n<p style=\"text-align: center;\"><span>Na inne cz\u0119\u015bci cia\u0142a <\/span>zaleca si\u0119 stosowanie kinesiotapingu nie d\u0142u\u017cej ni\u017c 4 dni. <span>Czas pojedynczej aplikacji to ko\u0142o 30 min.<br \/><\/span><span style=\"font-size: 14px;\">Cena zabiegu jest sta\u0142a, niezale\u017cnie od ilo\u015bci zastosowanych aplikacji.<\/span><\/p>\n<p>[\/et_pb_text][\/et_pb_column][\/et_pb_row][\/et_pb_section][et_pb_section fb_built=&#8221;1&#8243; admin_label=&#8221;Footer&#8221; _builder_version=&#8221;3.22&#8243; background_color=&#8221;#1f1f1f&#8221; saved_tabs=&#8221;all&#8221; global_colors_info=&#8221;{}&#8221;][et_pb_row column_structure=&#8221;2_5,3_5&#8243; _builder_version=&#8221;4.14.8&#8243; global_colors_info=&#8221;{}&#8221;][et_pb_column type=&#8221;2_5&#8243; _builder_version=&#8221;3.25&#8243; custom_padding=&#8221;|||&#8221; global_colors_info=&#8221;{}&#8221; custom_padding__hover=&#8221;|||&#8221;][et_pb_text _builder_version=&#8221;4.14.8&#8243; text_font=&#8221;||||||||&#8221; link_font=&#8221;Open Sans|600|||||||&#8221; link_text_color=&#8221;#8d8181&#8243; link_font_size=&#8221;16px&#8221; link_line_height=&#8221;2em&#8221; header_font=&#8221;||||||||&#8221; header_2_font=&#8221;||||||||&#8221; header_3_font=&#8221;||||||||&#8221; header_4_font=&#8221;Playfair Display SC||||||||&#8221; header_4_font_size=&#8221;20px&#8221; header_4_line_height=&#8221;1.5em&#8221; background_layout=&#8221;dark&#8221; custom_margin=&#8221;||30px|||&#8221; global_colors_info=&#8221;{}&#8221;]<\/p>\n<h4>Kontakt<\/h4>\n<p><span style=\"color: #999999;\">Tel: <a href=\"tel:502734976\">502\u00a0734\u00a0976<\/a><br \/><\/span><a href=\"mailto:fbart.ewa.klebokowska@gmail.com\"><span style=\"color: #999999;\">Email: fbart.ewa.klebokowska@gmail.com<\/span><\/a><\/p>\n<p>[\/et_pb_text][et_pb_image src=&#8221;https:\/\/fbart.pl\/wp-content\/uploads\/2022\/05\/logo_jasne.png&#8221; title_text=&#8221;logo_jasne&#8221; _builder_version=&#8221;4.14.8&#8243; _module_preset=&#8221;default&#8221; width=&#8221;50%&#8221; global_colors_info=&#8221;{}&#8221;][\/et_pb_image][\/et_pb_column][et_pb_column type=&#8221;3_5&#8243; _builder_version=&#8221;3.25&#8243; custom_padding=&#8221;|||&#8221; global_colors_info=&#8221;{}&#8221; custom_padding__hover=&#8221;|||&#8221;][et_pb_text _builder_version=&#8221;4.14.8&#8243; text_font=&#8221;||||||||&#8221; link_font=&#8221;Open Sans|600|||||||&#8221; link_text_color=&#8221;#8d8181&#8243; link_font_size=&#8221;16px&#8221; link_line_height=&#8221;2em&#8221; header_font=&#8221;||||||||&#8221; header_2_font=&#8221;||||||||&#8221; header_3_font=&#8221;||||||||&#8221; header_4_font=&#8221;Playfair Display SC||||||||&#8221; header_4_font_size=&#8221;20px&#8221; header_4_line_height=&#8221;1.5em&#8221; background_layout=&#8221;dark&#8221; custom_margin=&#8221;|||&#8221; global_colors_info=&#8221;{}&#8221;]<\/p>\n<h4>Gabinet<\/h4>\n<p><span style=\"color: #999999;\">Je\u015bli chcesz um\u00f3wi\u0107 si\u0119 na zabieg zadzwo\u0144 lub napisz.<\/span><\/p>\n<p><span style=\"color: #999999;\"> <strong>Godziny otwarcia<\/strong> dostosowane do zapis\u00f3w klient\u00f3w<\/span><\/p>\n<p><span style=\"color: #999999;\">FB Art jest gabinetem z terapi\u0105 stacjonarn\u0105 oraz mobiln\u0105, z dojazdem do klienta, w Lublinie i okolicach.\u00a0 <\/span><span style=\"color: #999999;\">Jest miejscem, w kt\u00f3rym b\u0119d\u0119 si\u0119 dzieli\u0107 z Wami moj\u0105 pasj\u0105, a mam niebywa\u0142e szcz\u0119\u015bcie, \u017ce <strong>moja praca to r\u00f3wnie\u017c moja pasja i hobby.<\/strong><\/span><\/p>\n<p><a href=\"#top\"><\/a><\/p>\n<p>[\/et_pb_text][et_pb_text _builder_version=&#8221;4.14.8&#8243; text_font=&#8221;||||||||&#8221; link_font=&#8221;Open Sans|600|||||||&#8221; link_text_color=&#8221;#8d8181&#8243; link_font_size=&#8221;16px&#8221; link_line_height=&#8221;2em&#8221; header_font=&#8221;||||||||&#8221; header_2_font=&#8221;||||||||&#8221; header_3_font=&#8221;||||||||&#8221; header_4_font=&#8221;Playfair Display SC||||||||&#8221; header_4_font_size=&#8221;20px&#8221; header_4_line_height=&#8221;1.5em&#8221; background_layout=&#8221;dark&#8221; custom_margin=&#8221;20px||0px|&#8221; global_colors_info=&#8221;{}&#8221;]<\/p>\n<h4>B\u0105d\u017a z nami<\/h4>\n<p>[\/et_pb_text][et_pb_social_media_follow _builder_version=&#8221;4.14.8&#8243; custom_margin=&#8221;1px|||&#8221; border_radii=&#8221;on|0px|0px|0px|0px&#8221; border_width_all=&#8221;8px&#8221; border_color_all=&#8221;rgba(0,0,0,0)&#8221; global_colors_info=&#8221;{}&#8221;][et_pb_social_media_follow_network social_network=&#8221;facebook&#8221; url=&#8221;https:\/\/www.facebook.com\/face.and.bodymodeling.lublin&#8221; _builder_version=&#8221;4.14.8&#8243; background_color=&#8221;rgba(141,129,129,0.15)&#8221; global_colors_info=&#8221;{}&#8221; follow_button=&#8221;off&#8221; url_new_window=&#8221;on&#8221;]facebook[\/et_pb_social_media_follow_network][et_pb_social_media_follow_network social_network=&#8221;instagram&#8221; url=&#8221;https:\/\/www.instagram.com\/face_and_bodymodeling_lublin\/&#8221; _builder_version=&#8221;4.14.8&#8243; background_color=&#8221;rgba(141,129,129,0.15)&#8221; global_colors_info=&#8221;{}&#8221; follow_button=&#8221;off&#8221; url_new_window=&#8221;on&#8221;]instagram[\/et_pb_social_media_follow_network][\/et_pb_social_media_follow][\/et_pb_column][\/et_pb_row][\/et_pb_section]<\/p>\n","protected":false},"excerpt":{"rendered":"<p>kinesiotaping estetyczny Kinesiotaping czyli metoda plastrowania dynamicznego to japo\u0144ska metoda, kt\u00f3ra by\u0142a stosowana ju\u017c w latach 70-tych, kiedy to stworzy\u0142 j\u0105 japo\u0144ski fizjoterapeuta dr Kenzo Kase. Wykorzystywana w terapiach naturalnych twarzy, medycynie estetycznej, stomatologii czy rehabilitacji daje wiele korzy\u015bci. Wspiera lifting twarzy, jest to bezpieczna i niezwykle skuteczna metoda w walce z blokadami kostno \u2013 [&hellip;]<\/p>\n","protected":false},"author":1,"featured_media":0,"parent":0,"menu_order":0,"comment_status":"closed","ping_status":"closed","template":"","meta":{"_et_pb_use_builder":"on","_et_pb_old_content":"","_et_gb_content_width":"","footnotes":""},"class_list":["post-201","page","type-page","status-publish","hentry"],"_links":{"self":[{"href":"https:\/\/fbart.pl\/index.php?rest_route=\/wp\/v2\/pages\/201","targetHints":{"allow":["GET"]}}],"collection":[{"href":"https:\/\/fbart.pl\/index.php?rest_route=\/wp\/v2\/pages"}],"about":[{"href":"https:\/\/fbart.pl\/index.php?rest_route=\/wp\/v2\/types\/page"}],"author":[{"embeddable":true,"href":"https:\/\/fbart.pl\/index.php?rest_route=\/wp\/v2\/users\/1"}],"replies":[{"embeddable":true,"href":"https:\/\/fbart.pl\/index.php?rest_route=%2Fwp%2Fv2%2Fcomments&post=201"}],"version-history":[{"count":15,"href":"https:\/\/fbart.pl\/index.php?rest_route=\/wp\/v2\/pages\/201\/revisions"}],"predecessor-version":[{"id":387,"href":"https:\/\/fbart.pl\/index.php?rest_route=\/wp\/v2\/pages\/201\/revisions\/387"}],"wp:attachment":[{"href":"https:\/\/fbart.pl\/index.php?rest_route=%2Fwp%2Fv2%2Fmedia&parent=201"}],"curies":[{"name":"wp","href":"https:\/\/api.w.org\/{rel}","templated":true}]}}