{"id":130,"date":"2022-05-26T00:51:18","date_gmt":"2022-05-26T00:51:18","guid":{"rendered":"https:\/\/fbart.pl\/?page_id=130"},"modified":"2022-10-12T11:58:42","modified_gmt":"2022-10-12T11:58:42","slug":"facemodeling","status":"publish","type":"page","link":"https:\/\/fbart.pl\/?page_id=130","title":{"rendered":"FACEMODELING"},"content":{"rendered":"<p>[et_pb_section fb_built=&#8221;1&#8243; specialty=&#8221;on&#8221; padding_top_bottom_link_1=&#8221;false&#8221; padding_left_right_link_1=&#8221;false&#8221; padding_top_1=&#8221;10%&#8221; padding_1_tablet=&#8221;|||&#8221; padding_1_phone=&#8221;0px||||false|false&#8221; padding_1_last_edited=&#8221;on|phone&#8221; admin_label=&#8221;Header&#8221; _builder_version=&#8221;4.14.8&#8243; background_image=&#8221;https:\/\/fbart.pl\/wp-content\/uploads\/2022\/10\/tlo22.jpg&#8221; background_size=&#8221;contain&#8221; background_position=&#8221;top_left&#8221; width_tablet=&#8221;&#8221; width_phone=&#8221;&#8221; width_last_edited=&#8221;on|phone&#8221; custom_margin=&#8221;||||false|false&#8221; custom_padding=&#8221;|0px||0px|false|false&#8221; hover_enabled=&#8221;0&#8243; global_colors_info=&#8221;{}&#8221; title_text=&#8221;tlo22&#8243; sticky_enabled=&#8221;0&#8243; custom_margin_last_edited=&#8221;on|phone&#8221; custom_margin_tablet=&#8221;||||false|false&#8221; custom_margin_phone=&#8221;||||false|false&#8221;][et_pb_column type=&#8221;1_2&#8243; _builder_version=&#8221;3.25&#8243; custom_padding=&#8221;|||&#8221; global_colors_info=&#8221;{}&#8221; custom_padding__hover=&#8221;|||&#8221;][et_pb_text _builder_version=&#8221;4.14.8&#8243; text_font=&#8221;Open Sans||||||||&#8221; text_font_size=&#8221;16px&#8221; text_line_height=&#8221;2em&#8221; header_font=&#8221;Playfair Display SC||||||||&#8221; header_font_size=&#8221;50px&#8221; header_line_height=&#8221;1.5em&#8221; header_6_font=&#8221;||||||||&#8221; max_width_last_edited=&#8221;off|desktop&#8221; module_alignment=&#8221;center&#8221; custom_margin=&#8221;-5px||10px|||&#8221; custom_padding=&#8221;109px|||||&#8221; text_font_size_tablet=&#8221;&#8221; text_font_size_phone=&#8221;14px&#8221; text_font_size_last_edited=&#8221;on|desktop&#8221; header_font_size_tablet=&#8221;50px&#8221; header_font_size_phone=&#8221;32px&#8221; header_font_size_last_edited=&#8221;on|phone&#8221; locked=&#8221;off&#8221; global_colors_info=&#8221;{}&#8221;]<\/p>\n<h1>FACEMODELING PROGRAM\u2122<\/h1>\n<p style=\"text-align: justify;\">FACEMODELING PROGRAM\u2122 to w pe\u0142ni autorska, naturalna i manualna terapia twarzy, stworzona przez <strong>Anet\u0119 Hregorowicz-Gorlo<\/strong>, za\u0142o\u017cycielk\u0119 Facemodeling Academy. To holistyczny program modelowania i odm\u0142adzania twarzy, kt\u00f3ry jest po\u0142\u0105czeniem zaawansowanych technik, jak masa\u017c transbukalny, osteoplastyka czy mioplastyka. Dzi\u0119ki ich zastosowaniu podczas jednej sesji zabiegowej mo\u017cemy uzyska\u0107 spektakularne efekty rehabilitacji estetycznej i osi\u0105gn\u0105\u0107 d\u0142ugotrwa\u0142y rezultat biologicznego odm\u0142odzenia naszej twarzy i cia\u0142a, nawet o kilka lat.<\/p>\n<p>[\/et_pb_text][\/et_pb_column][et_pb_column type=&#8221;1_2&#8243; specialty_columns=&#8221;2&#8243; _builder_version=&#8221;3.25&#8243; custom_padding=&#8221;|||&#8221; global_colors_info=&#8221;{}&#8221; custom_padding__hover=&#8221;|||&#8221;][et_pb_row_inner _builder_version=&#8221;4.14.8&#8243; custom_margin_tablet=&#8221;100px|||&#8221; custom_margin_phone=&#8221;74px|||||&#8221; custom_margin_last_edited=&#8221;on|phone&#8221; custom_padding=&#8221;0|0px|0|0px|true|false&#8221; box_shadow_style=&#8221;preset4&#8243; box_shadow_horizontal=&#8221;260px&#8221; box_shadow_vertical=&#8221;-100px&#8221; box_shadow_color=&#8221;rgba(16,45,0,0.92)&#8221; box_shadow_position=&#8221;inner&#8221; global_colors_info=&#8221;{}&#8221;][et_pb_column_inner saved_specialty_column_type=&#8221;1_2&#8243; _builder_version=&#8221;3.25&#8243; custom_padding=&#8221;|||&#8221; global_colors_info=&#8221;{}&#8221; custom_padding__hover=&#8221;|||&#8221;][et_pb_image src=&#8221;https:\/\/fbart.pl\/wp-content\/uploads\/2022\/04\/086A0830-1-scaled.jpg&#8221; title_text=&#8221;086A0830&#8243; align_tablet=&#8221;center&#8221; align_phone=&#8221;center&#8221; align_last_edited=&#8221;on|desktop&#8221; _builder_version=&#8221;4.14.8&#8243; animation_style=&#8221;zoom&#8221; animation_intensity_zoom=&#8221;5%&#8221; border_width_all=&#8221;24px&#8221; border_color_all=&#8221;#ffffff&#8221; box_shadow_style=&#8221;preset3&#8243; box_shadow_vertical=&#8221;70px&#8221; box_shadow_blur=&#8221;150px&#8221; box_shadow_color=&#8221;rgba(0,0,0,0.2)&#8221; locked=&#8221;off&#8221; global_colors_info=&#8221;{}&#8221;][\/et_pb_image][\/et_pb_column_inner][\/et_pb_row_inner][\/et_pb_column][\/et_pb_section][et_pb_section fb_built=&#8221;1&#8243; _builder_version=&#8221;4.14.8&#8243; _module_preset=&#8221;default&#8221; custom_padding=&#8221;14px||3px|||&#8221; global_colors_info=&#8221;{}&#8221;][et_pb_row column_structure=&#8221;1_2,1_2&#8243; _builder_version=&#8221;4.14.8&#8243; _module_preset=&#8221;default&#8221; global_colors_info=&#8221;{}&#8221;][et_pb_column type=&#8221;1_2&#8243; _builder_version=&#8221;4.14.8&#8243; _module_preset=&#8221;default&#8221; global_colors_info=&#8221;{}&#8221;][et_pb_image src=&#8221;https:\/\/fbart.pl\/wp-content\/uploads\/2022\/10\/086A5447a.jpg&#8221; title_text=&#8221;086A5447a&#8221; _builder_version=&#8221;4.14.8&#8243; _module_preset=&#8221;default&#8221; border_width_all=&#8221;25px&#8221; border_color_all=&#8221;#FFFFFF&#8221; box_shadow_style=&#8221;preset2&#8243; box_shadow_vertical=&#8221;42px&#8221; box_shadow_blur=&#8221;80px&#8221; global_colors_info=&#8221;{}&#8221;][\/et_pb_image][\/et_pb_column][et_pb_column type=&#8221;1_2&#8243; _builder_version=&#8221;4.14.8&#8243; _module_preset=&#8221;default&#8221; global_colors_info=&#8221;{}&#8221;][et_pb_text _builder_version=&#8221;4.14.8&#8243; _module_preset=&#8221;default&#8221; custom_padding=&#8221;88px|||||&#8221; global_colors_info=&#8221;{}&#8221;]<\/p>\n<p style=\"text-align: justify;\">FACEMODELING PROGRAM\u2122 dzia\u0142a na najg\u0142\u0119bszych strukturach <strong>tkanek i mi\u0119<\/strong><strong>\u015b<\/strong><strong>ni<\/strong>, dzi\u0119ki czemu nast\u0119puje ich g\u0142\u0119boka odbudowa, odnowa i zdrowienie.<\/p>\n<p style=\"text-align: justify;\">Ta specjalistyczna metoda \u0142\u0105czy unikalne i zaawansowane techniki <strong>stymuluj\u0105ce odnow\u0119<\/strong> <strong>biologiczn\u0105<\/strong> <strong>i estetyczn\u0105<\/strong> <strong>twarzy<\/strong>,\u00a0 a jej niepodwa\u017calna skuteczno\u015b\u0107 oparta jest o uzyskane efekty terapeutyczne w\u015br\u00f3d milion\u00f3w ludzi na ca\u0142ym \u015bwiecie.<\/p>\n<p>[\/et_pb_text][\/et_pb_column][\/et_pb_row][\/et_pb_section][et_pb_section fb_built=&#8221;1&#8243; _builder_version=&#8221;4.14.8&#8243; _module_preset=&#8221;default&#8221; custom_margin=&#8221;||-30px|||&#8221; custom_padding=&#8221;14px|||||&#8221; global_colors_info=&#8221;{}&#8221;][et_pb_row column_structure=&#8221;1_2,1_2&#8243; _builder_version=&#8221;4.14.8&#8243; _module_preset=&#8221;default&#8221; global_colors_info=&#8221;{}&#8221;][et_pb_column type=&#8221;1_2&#8243; _builder_version=&#8221;4.14.8&#8243; _module_preset=&#8221;default&#8221; global_colors_info=&#8221;{}&#8221;][et_pb_image src=&#8221;https:\/\/fbart.pl\/wp-content\/uploads\/2022\/10\/086A5312.jpg&#8221; title_text=&#8221;086A5312&#8243; _builder_version=&#8221;4.14.8&#8243; _module_preset=&#8221;default&#8221; border_width_all=&#8221;25px&#8221; border_color_all=&#8221;#FFFFFF&#8221; box_shadow_style=&#8221;preset2&#8243; box_shadow_vertical=&#8221;42px&#8221; box_shadow_blur=&#8221;80px&#8221; global_colors_info=&#8221;{}&#8221;][\/et_pb_image][\/et_pb_column][et_pb_column type=&#8221;1_2&#8243; _builder_version=&#8221;4.14.8&#8243; _module_preset=&#8221;default&#8221; global_colors_info=&#8221;{}&#8221;][et_pb_text _builder_version=&#8221;4.14.8&#8243; _module_preset=&#8221;default&#8221; custom_padding=&#8221;28px|||||&#8221; global_colors_info=&#8221;{}&#8221;]<\/p>\n<p style=\"text-align: justify;\"><strong>Wielop\u0142aszczyznowa<\/strong> multiterapia przywraca tkankom ich fizjologiczn\u0105 harmoni\u0119, dzi\u0119ki czemu doskonale sprawdza si\u0119 w zakresie wspierania leczenia ortodontycznego, stomatologicznego i wszelkich zabiegach z pogranicza medycyny estetycznej. Zabiegi terapii Facemodelingu doskonale <strong>przygotowuj\u0105 tkanki<\/strong> do chirurgii plastycznej twarzy i piersi, a tak\u017ce stanowi\u0105 niebywa\u0142e wsparcie w rekonwalescencji pozabiegowej.<\/p>\n<p style=\"text-align: justify;\">\n<p style=\"text-align: justify;\">Dzi\u0119ki <strong>spersonalizowanej terapii<\/strong> podczas zabiegu mo\u017cna przywr\u00f3ci\u0107 prawid\u0142owe kr\u0105\u017cenie krwi w tkankach, jak r\u00f3wnie\u017c usprawni\u0107 przep\u0142yw limfy.<span>\u00a0 <\/span>Facemodeling wspomaga prawid\u0142ow\u0105 prac\u0119 w\u0119z\u0142\u00f3w limfatycznych. Dzi\u0119ki zastosowaniu g\u0142\u0119bokiego masa\u017cu wewn\u0105trztkankowego (intraplastyczny) <strong>modeluje<\/strong> owal twarzy, podnosi policzki, niweluje obrz\u0119ki pod oczami. Korekcie ulega tzw. \u201edrugi podbr\u00f3dek\u201d, \u201ebruzda nosowo-wargowa\u201d czy \u201eopadaj\u0105ca powieka\u201d.<\/p>\n<p style=\"text-align: justify;\">\n<p style=\"text-align: justify;\">Zabieg wp\u0142ywa pozytywnie na <strong>popraw\u0119 naszej postawy<\/strong>, w trakcie masa\u017cu opracowywana jest ca\u0142a przednia ta\u015bma powi\u0119ziowa tj. okolice biustu, ramion, dekoltu oraz szyi. Sylwetka po masa\u017cu staje si\u0119 wyprostowana, a dekolt przepi\u0119knie wyg\u0142adzony.<span>\u00a0<\/span><\/p>\n<p style=\"text-align: justify;\">\n<p>[\/et_pb_text][\/et_pb_column][\/et_pb_row][\/et_pb_section][et_pb_section fb_built=&#8221;1&#8243; admin_label=&#8221;About&#8221; _builder_version=&#8221;4.14.8&#8243; background_enable_image=&#8221;off&#8221; background_size=&#8221;initial&#8221; background_position=&#8221;top_left&#8221; custom_padding=&#8221;28px|0|8px|0px|false|false&#8221; saved_tabs=&#8221;all&#8221; global_colors_info=&#8221;{}&#8221;][et_pb_row column_structure=&#8221;1_3,2_3&#8243; _builder_version=&#8221;4.14.8&#8243; custom_padding=&#8221;||0px|||&#8221; global_colors_info=&#8221;{}&#8221;][et_pb_column type=&#8221;1_3&#8243; _builder_version=&#8221;3.25&#8243; custom_padding=&#8221;|||&#8221; global_colors_info=&#8221;{}&#8221; custom_padding__hover=&#8221;|||&#8221;][et_pb_text content_tablet=&#8221;<\/p>\n<h3 style=%22text-align: right;%22>Facemodeling Program\u2122 <strong>zapewnia:<\/strong><\/h3>\n<p>&#8221; content_phone=&#8221;<\/p>\n<h3 style=%22text-align: left;%22>Facemodeling Program\u2122 <strong>zapewnia:<\/strong><\/h3>\n<p>&#8221; content_last_edited=&#8221;on|desktop&#8221; _builder_version=&#8221;4.14.8&#8243; text_font=&#8221;||||||||&#8221; header_font=&#8221;||||||||&#8221; header_2_font=&#8221;Playfair Display SC||||||||&#8221; header_2_font_size=&#8221;45px&#8221; header_2_line_height=&#8221;1.5em&#8221; header_6_font=&#8221;||||||||&#8221; text_orientation=&#8221;center&#8221; max_width_last_edited=&#8221;off|desktop&#8221; module_alignment=&#8221;center&#8221; custom_margin=&#8221;|||11px||&#8221; custom_padding=&#8221;|||&#8221; header_2_font_size_tablet=&#8221;40px&#8221; header_2_font_size_phone=&#8221;28px&#8221; header_2_font_size_last_edited=&#8221;on|phone&#8221; global_colors_info=&#8221;{}&#8221;]<\/p>\n<h3 style=\"text-align: right;\">Facemodeling Program\u2122 <strong>zapewnia:<\/strong><\/h3>\n<p>[\/et_pb_text][\/et_pb_column][et_pb_column type=&#8221;2_3&#8243; _builder_version=&#8221;3.25&#8243; custom_padding=&#8221;|||&#8221; global_colors_info=&#8221;{}&#8221; custom_padding__hover=&#8221;|||&#8221;][et_pb_text _builder_version=&#8221;4.14.8&#8243; _module_preset=&#8221;default&#8221; custom_padding=&#8221;|||0px||&#8221; global_colors_info=&#8221;{}&#8221;]<\/p>\n<ul>\n<li style=\"list-style-type: none;\">\n<ul>\n<li>natychmiastowy efekt odm\u0142odzenia i popraw\u0119 jako\u015bci sk\u00f3ry;<\/li>\n<li>lifting ca\u0142ego owalu z uniesieniem dolnej partii twarzy, k\u0105cik\u00f3w ust oraz efekt young eye;<\/li>\n<li>przywr\u00f3cenie blasku i napi\u0119cia sk\u00f3ry twarzy, szyi i dekoltu;<\/li>\n<li>stymulacj\u0119 kolagenu oraz elastyny wspomagaj\u0105ce regeneracj\u0119 i odnow\u0119 sk\u00f3ry;<\/li>\n<li>niwelowanie bruzd, obrz\u0119k\u00f3w i cieni pod oczami;<\/li>\n<li>skuteczn\u0105 prac\u0119 nad wype\u0142nieniem oraz z\u0142agodzeniem rys\u00f3w naszej twarzy;<\/li>\n<li>uwalnianie napi\u0119\u0107 i blokad w obszarze mi\u0119\u015bni i powi\u0119zi;<\/li>\n<li>odbudow\u0119 naczy\u0144 w\u0142osowatych oraz lepsze od\u017cywienie tkanek.<strong><\/strong><\/li>\n<\/ul>\n<\/li>\n<\/ul>\n<p>[\/et_pb_text][\/et_pb_column][\/et_pb_row][et_pb_row column_structure=&#8221;1_3,2_3&#8243; _builder_version=&#8221;4.14.8&#8243; custom_padding=&#8221;||0px|||&#8221; global_colors_info=&#8221;{}&#8221;][et_pb_column type=&#8221;1_3&#8243; _builder_version=&#8221;3.25&#8243; custom_padding=&#8221;|||&#8221; global_colors_info=&#8221;{}&#8221; custom_padding__hover=&#8221;|||&#8221;][et_pb_text content_tablet=&#8221;<\/p>\n<h3 style=%22text-align: right;%22>Na zabieg Facemodeling<\/h3>\n<h3 style=%22text-align: right;%22>Program\u2122 <strong>sk\u0142ada si\u0119:<\/strong><\/h3>\n<p>\u00a0<\/p>\n<p>&#8221; content_phone=&#8221;<\/p>\n<h3 style=%22text-align: left;%22>Na zabieg Facemodeling<\/h3>\n<h3 style=%22text-align: left;%22>Program\u2122 <strong>sk\u0142ada si\u0119:<\/strong><\/h3>\n<p style=%22text-align: left;%22>&#8221; content_last_edited=&#8221;on|phone&#8221; _builder_version=&#8221;4.14.8&#8243; text_font=&#8221;||||||||&#8221; header_font=&#8221;||||||||&#8221; header_2_font=&#8221;Playfair Display SC||||||||&#8221; header_2_font_size=&#8221;45px&#8221; header_2_line_height=&#8221;1.5em&#8221; header_6_font=&#8221;||||||||&#8221; text_orientation=&#8221;center&#8221; max_width_last_edited=&#8221;off|desktop&#8221; module_alignment=&#8221;center&#8221; custom_margin=&#8221;|||11px||&#8221; custom_padding=&#8221;|||&#8221; header_2_font_size_tablet=&#8221;40px&#8221; header_2_font_size_phone=&#8221;28px&#8221; header_2_font_size_last_edited=&#8221;on|phone&#8221; global_colors_info=&#8221;{}&#8221;]<\/p>\n<h3 style=\"text-align: right;\">Na zabieg Facemodeling<\/h3>\n<h3 style=\"text-align: right;\">Program\u2122 <strong>sk\u0142ada si\u0119:<\/strong><\/h3>\n<p>&nbsp;<\/p>\n<p>[\/et_pb_text][\/et_pb_column][et_pb_column type=&#8221;2_3&#8243; _builder_version=&#8221;3.25&#8243; custom_padding=&#8221;|||&#8221; global_colors_info=&#8221;{}&#8221; custom_padding__hover=&#8221;|||&#8221;][et_pb_text _builder_version=&#8221;4.14.8&#8243; _module_preset=&#8221;default&#8221; custom_padding=&#8221;|||0px||&#8221; global_colors_info=&#8221;{}&#8221;]<\/p>\n<ul>\n<ul>\n<li><strong>masa\u017c tkanek g\u0142\u0119bokich<\/strong>;<\/li>\n<li><strong>osteoplastyka<\/strong>, poprawiaja\u0328ca mobilno\u015b\u0107 uk\u0142adu kostno-mie\u0328\u015bniowego;<\/li>\n<li>masa\u017c <strong>transbukalny<\/strong>\/ intraplastyczny, czyli technika masa\u017cu wykonywana wewn\u0105trz ust, kt\u00f3ra przywraca rozlu\u017anienie mi\u0119\u015bniowe oraz elastyczno\u015b\u0107 najg\u0142\u0119biej po\u0142o\u017conych struktur;<\/li>\n<li><strong>kapilaroterapia<\/strong> &#8211; masaz\u0307 pr\u00f3z\u0307niowy szklanymi ba\u0144kami, poprawiaj\u0105cy kr\u0105\u017cenie i drena\u017c limfatyczny;<\/li>\n<li><strong>kinesiotaping estetyczny<\/strong>, czyli dynamiczne plastrowanie, kt\u00f3re wspiera regeneracj\u0119 tkanek po masa\u017cu, usprawnia drena\u017c, modeluje i dzia\u0142a liftinguj\u0105co.<\/li>\n<\/ul>\n<\/ul>\n<p>[\/et_pb_text][\/et_pb_column][\/et_pb_row][et_pb_row column_structure=&#8221;1_3,2_3&#8243; _builder_version=&#8221;4.14.8&#8243; custom_padding=&#8221;||0px|||&#8221; global_colors_info=&#8221;{}&#8221;][et_pb_column type=&#8221;1_3&#8243; _builder_version=&#8221;3.25&#8243; custom_padding=&#8221;|||&#8221; global_colors_info=&#8221;{}&#8221; custom_padding__hover=&#8221;|||&#8221;][et_pb_text content_tablet=&#8221;<\/p>\n<h3 style=%22text-align: right;%22>Przeciwwskazania<br \/>do zabiegu:<\/h3>\n<p>&#8221; content_phone=&#8221;<\/p>\n<h3 style=%22text-align: left;%22>Przeciwwskazania<br \/>do zabiegu:<\/h3>\n<p>&#8221; content_last_edited=&#8221;on|phone&#8221; _builder_version=&#8221;4.14.8&#8243; text_font=&#8221;||||||||&#8221; header_font=&#8221;||||||||&#8221; header_2_font=&#8221;Playfair Display SC||||||||&#8221; header_2_font_size=&#8221;45px&#8221; header_2_line_height=&#8221;1.5em&#8221; header_6_font=&#8221;||||||||&#8221; text_orientation=&#8221;center&#8221; max_width_last_edited=&#8221;off|desktop&#8221; module_alignment=&#8221;center&#8221; custom_margin=&#8221;|||11px||&#8221; custom_padding=&#8221;|||&#8221; header_2_font_size_tablet=&#8221;40px&#8221; header_2_font_size_phone=&#8221;28px&#8221; header_2_font_size_last_edited=&#8221;on|phone&#8221; global_colors_info=&#8221;{}&#8221;]<\/p>\n<h3 style=\"text-align: right;\">Przeciwwskazania<br \/>do zabiegu:<\/h3>\n<p>[\/et_pb_text][\/et_pb_column][et_pb_column type=&#8221;2_3&#8243; _builder_version=&#8221;3.25&#8243; custom_padding=&#8221;|||&#8221; global_colors_info=&#8221;{}&#8221; custom_padding__hover=&#8221;|||&#8221;][et_pb_text _builder_version=&#8221;4.14.8&#8243; _module_preset=&#8221;default&#8221; custom_padding=&#8221;|||0px||&#8221; global_colors_info=&#8221;{}&#8221;]<\/p>\n<ul>\n<ul>\n<li>stany zapalne sk\u00f3ry<\/li>\n<li>tr\u0105dzik krostkowy i ropny<\/li>\n<li>tr\u0105dzik r\u00f3\u017cowaty w fazie zaostrzenia<\/li>\n<li>choroby dermatologiczne<\/li>\n<li>stany ropne jamy ustnej<\/li>\n<li>zmiany ropne okolicy z\u0119b\u00f3w<\/li>\n<li>stany zapalne dzi\u0105se\u0142<\/li>\n<li>ci\u0105\u017ca zagro\u017cona<\/li>\n<li>gor\u0105czka, stany grypowe<\/li>\n<li>powi\u0119kszone w\u0119z\u0142y ch\u0142onne<\/li>\n<li>choroby nowotworowe i stany po ich chirurgicznym leczeniu<\/li>\n<li>t\u0119tniaki<\/li>\n<li>nadci\u015bnienie, ci\u0119\u017ckie choroby serca, podejrzenie zawa\u0142u sercowego, wady serca<\/li>\n<li>zaawansowana mia\u017cd\u017cyca, zakrzepica<\/li>\n<li>epilepsja (padaczka)<\/li>\n<li>nadczynno\u015b\u0107 tarczycy (dotyczy masa\u017cu szyi)<\/li>\n<li>po zabiegach medycyny estetycznej nale\u017c odczeka\u0107: botox (2 tygodnie), kwas hialuronowy (3-6 tygodni), nici liftinguja\u0328ce (konsultacja indywidualna).<\/li>\n<\/ul>\n<\/ul>\n<p>[\/et_pb_text][\/et_pb_column][\/et_pb_row][et_pb_row _builder_version=&#8221;4.14.8&#8243; custom_margin=&#8221;|auto|-4px|auto||&#8221; custom_padding=&#8221;||0px|||&#8221; global_colors_info=&#8221;{}&#8221;][et_pb_column type=&#8221;4_4&#8243; _builder_version=&#8221;3.25&#8243; custom_padding=&#8221;|||&#8221; global_colors_info=&#8221;{}&#8221; custom_padding__hover=&#8221;|||&#8221;][et_pb_text _builder_version=&#8221;4.14.8&#8243; _module_preset=&#8221;default&#8221; custom_margin=&#8221;-8px|||||&#8221; custom_padding=&#8221;19px||45px|0px||&#8221; global_colors_info=&#8221;{}&#8221;]<\/p>\n<h4 style=\"text-align: center;\">Czas trwania zabiegu to <strong>120 minut<\/strong> lub wi\u0119cej, w zale\u017cno\u015bci od tego jakie potrzeby ma dana sk\u00f3ra oraz cia\u0142o.<\/h4>\n<p style=\"text-align: center;\">Zabieg FACEMODELING PROGRAM\u2122 zaleca si\u0119 wykonywa\u0107 <strong>nie cz\u0119<\/strong><strong>\u015b<\/strong><strong>ciej ni\u017c co 10-14 dni<\/strong>. Cz\u0119stotliwo\u015b\u0107 zabieg\u00f3w dobierana jest indywidualnie.<\/p>\n<p style=\"text-align: center;\">Znakomite efekty uzyskuje si\u0119 wykonuj\u0105c co najmniej <strong>3 zabiegi w odst\u0119pie co 14 dni<\/strong>, po czym mo\u017cna wyd\u0142u\u017cy\u0107 przerwy<br \/>mi\u0119dzy kolejnymi spotkaniami do 4-5 tygodni. P\u00f3\u017aniej ju\u017c tylko raz na jaki\u015b czas dla podtrzymania efektu.<\/p>\n<p>[\/et_pb_text][\/et_pb_column][\/et_pb_row][\/et_pb_section][et_pb_section fb_built=&#8221;1&#8243; admin_label=&#8221;Footer&#8221; _builder_version=&#8221;3.22&#8243; background_color=&#8221;#1f1f1f&#8221; saved_tabs=&#8221;all&#8221; global_colors_info=&#8221;{}&#8221;][et_pb_row column_structure=&#8221;2_5,3_5&#8243; _builder_version=&#8221;4.14.8&#8243; global_colors_info=&#8221;{}&#8221;][et_pb_column type=&#8221;2_5&#8243; _builder_version=&#8221;3.25&#8243; custom_padding=&#8221;|||&#8221; global_colors_info=&#8221;{}&#8221; custom_padding__hover=&#8221;|||&#8221;][et_pb_text _builder_version=&#8221;4.14.8&#8243; text_font=&#8221;||||||||&#8221; link_font=&#8221;Open Sans|600|||||||&#8221; link_text_color=&#8221;#8d8181&#8243; link_font_size=&#8221;16px&#8221; link_line_height=&#8221;2em&#8221; header_font=&#8221;||||||||&#8221; header_2_font=&#8221;||||||||&#8221; header_3_font=&#8221;||||||||&#8221; header_4_font=&#8221;Playfair Display SC||||||||&#8221; header_4_font_size=&#8221;20px&#8221; header_4_line_height=&#8221;1.5em&#8221; background_layout=&#8221;dark&#8221; custom_margin=&#8221;||30px|||&#8221; global_colors_info=&#8221;{}&#8221;]<\/p>\n<h4>Kontakt<\/h4>\n<p><span style=\"color: #999999;\">Tel: <a href=\"tel:502734976\">502\u00a0734\u00a0976<\/a><br \/><\/span><a href=\"mailto:fbart.ewa.klebokowska@gmail.com\"><span style=\"color: #999999;\">Email: fbart.ewa.klebokowska@gmail.com<\/span><\/a><\/p>\n<p>[\/et_pb_text][et_pb_image src=&#8221;https:\/\/fbart.pl\/wp-content\/uploads\/2022\/05\/logo_jasne.png&#8221; title_text=&#8221;logo_jasne&#8221; _builder_version=&#8221;4.14.8&#8243; _module_preset=&#8221;default&#8221; width=&#8221;50%&#8221; global_colors_info=&#8221;{}&#8221;][\/et_pb_image][\/et_pb_column][et_pb_column type=&#8221;3_5&#8243; _builder_version=&#8221;3.25&#8243; custom_padding=&#8221;|||&#8221; global_colors_info=&#8221;{}&#8221; custom_padding__hover=&#8221;|||&#8221;][et_pb_text _builder_version=&#8221;4.14.8&#8243; text_font=&#8221;||||||||&#8221; link_font=&#8221;Open Sans|600|||||||&#8221; link_text_color=&#8221;#8d8181&#8243; link_font_size=&#8221;16px&#8221; link_line_height=&#8221;2em&#8221; header_font=&#8221;||||||||&#8221; header_2_font=&#8221;||||||||&#8221; header_3_font=&#8221;||||||||&#8221; header_4_font=&#8221;Playfair Display SC||||||||&#8221; header_4_font_size=&#8221;20px&#8221; header_4_line_height=&#8221;1.5em&#8221; background_layout=&#8221;dark&#8221; custom_margin=&#8221;|||&#8221; global_colors_info=&#8221;{}&#8221;]<\/p>\n<h4>Gabinet<\/h4>\n<p><span style=\"color: #999999;\">Je\u015bli chcesz um\u00f3wi\u0107 si\u0119 na zabieg zadzwo\u0144 lub napisz.<\/span><\/p>\n<p><span style=\"color: #999999;\"> <strong>Godziny otwarcia<\/strong> dostosowane do zapis\u00f3w klient\u00f3w<\/span><\/p>\n<p><span style=\"color: #999999;\">FB Art jest gabinetem z terapi\u0105 stacjonarn\u0105 oraz mobiln\u0105, z dojazdem do klienta, w Lublinie i okolicach.\u00a0 <\/span><span style=\"color: #999999;\">Jest miejscem, w kt\u00f3rym b\u0119d\u0119 si\u0119 dzieli\u0107 z Wami moj\u0105 pasj\u0105, a mam niebywa\u0142e szcz\u0119\u015bcie, \u017ce <strong>moja praca to r\u00f3wnie\u017c moja pasja i hobby.<\/strong><\/span><\/p>\n<p><a href=\"#top\"><\/a><\/p>\n<p>[\/et_pb_text][et_pb_text _builder_version=&#8221;4.14.8&#8243; text_font=&#8221;||||||||&#8221; link_font=&#8221;Open Sans|600|||||||&#8221; link_text_color=&#8221;#8d8181&#8243; link_font_size=&#8221;16px&#8221; link_line_height=&#8221;2em&#8221; header_font=&#8221;||||||||&#8221; header_2_font=&#8221;||||||||&#8221; header_3_font=&#8221;||||||||&#8221; header_4_font=&#8221;Playfair Display SC||||||||&#8221; header_4_font_size=&#8221;20px&#8221; header_4_line_height=&#8221;1.5em&#8221; background_layout=&#8221;dark&#8221; custom_margin=&#8221;20px||0px|&#8221; global_colors_info=&#8221;{}&#8221;]<\/p>\n<h4>B\u0105d\u017a z nami<\/h4>\n<p>[\/et_pb_text][et_pb_social_media_follow _builder_version=&#8221;4.14.8&#8243; custom_margin=&#8221;1px|||&#8221; border_radii=&#8221;on|0px|0px|0px|0px&#8221; border_width_all=&#8221;8px&#8221; border_color_all=&#8221;rgba(0,0,0,0)&#8221; global_colors_info=&#8221;{}&#8221;][et_pb_social_media_follow_network social_network=&#8221;facebook&#8221; url=&#8221;https:\/\/www.facebook.com\/face.and.bodymodeling.lublin&#8221; _builder_version=&#8221;4.14.8&#8243; background_color=&#8221;rgba(141,129,129,0.15)&#8221; global_colors_info=&#8221;{}&#8221; follow_button=&#8221;off&#8221; url_new_window=&#8221;on&#8221;]facebook[\/et_pb_social_media_follow_network][et_pb_social_media_follow_network social_network=&#8221;instagram&#8221; url=&#8221;https:\/\/www.instagram.com\/face_and_bodymodeling_lublin\/&#8221; _builder_version=&#8221;4.14.8&#8243; background_color=&#8221;rgba(141,129,129,0.15)&#8221; global_colors_info=&#8221;{}&#8221; follow_button=&#8221;off&#8221; url_new_window=&#8221;on&#8221;]instagram[\/et_pb_social_media_follow_network][\/et_pb_social_media_follow][\/et_pb_column][\/et_pb_row][\/et_pb_section]<\/p>\n","protected":false},"excerpt":{"rendered":"<p>FACEMODELING PROGRAM\u2122 FACEMODELING PROGRAM\u2122 to w pe\u0142ni autorska, naturalna i manualna terapia twarzy, stworzona przez Anet\u0119 Hregorowicz-Gorlo, za\u0142o\u017cycielk\u0119 Facemodeling Academy. To holistyczny program modelowania i odm\u0142adzania twarzy, kt\u00f3ry jest po\u0142\u0105czeniem zaawansowanych technik, jak masa\u017c transbukalny, osteoplastyka czy mioplastyka. Dzi\u0119ki ich zastosowaniu podczas jednej sesji zabiegowej mo\u017cemy uzyska\u0107 spektakularne efekty rehabilitacji estetycznej i osi\u0105gn\u0105\u0107 d\u0142ugotrwa\u0142y rezultat [&hellip;]<\/p>\n","protected":false},"author":1,"featured_media":0,"parent":0,"menu_order":0,"comment_status":"closed","ping_status":"closed","template":"","meta":{"_et_pb_use_builder":"on","_et_pb_old_content":"","_et_gb_content_width":"","footnotes":""},"class_list":["post-130","page","type-page","status-publish","hentry"],"_links":{"self":[{"href":"https:\/\/fbart.pl\/index.php?rest_route=\/wp\/v2\/pages\/130","targetHints":{"allow":["GET"]}}],"collection":[{"href":"https:\/\/fbart.pl\/index.php?rest_route=\/wp\/v2\/pages"}],"about":[{"href":"https:\/\/fbart.pl\/index.php?rest_route=\/wp\/v2\/types\/page"}],"author":[{"embeddable":true,"href":"https:\/\/fbart.pl\/index.php?rest_route=\/wp\/v2\/users\/1"}],"replies":[{"embeddable":true,"href":"https:\/\/fbart.pl\/index.php?rest_route=%2Fwp%2Fv2%2Fcomments&post=130"}],"version-history":[{"count":15,"href":"https:\/\/fbart.pl\/index.php?rest_route=\/wp\/v2\/pages\/130\/revisions"}],"predecessor-version":[{"id":389,"href":"https:\/\/fbart.pl\/index.php?rest_route=\/wp\/v2\/pages\/130\/revisions\/389"}],"wp:attachment":[{"href":"https:\/\/fbart.pl\/index.php?rest_route=%2Fwp%2Fv2%2Fmedia&parent=130"}],"curies":[{"name":"wp","href":"https:\/\/api.w.org\/{rel}","templated":true}]}}